{"id":3691187,"date":"2025-10-13T13:46:03","date_gmt":"2025-10-13T17:46:03","guid":{"rendered":"https:\/\/stoic-curie.212-227-153-4.plesk.page\/product\/castro-nfd2-bokobran-plavi-600x200mm\/"},"modified":"2026-02-25T00:01:07","modified_gmt":"2026-02-25T00:01:07","slug":"castro-nfd2-bokobran-plavi-600x200mm","status":"publish","type":"product","link":"https:\/\/stoic-curie.212-227-153-4.plesk.page\/hr\/product\/castro-nfd2-bokobran-plavi-600x200mm\/","title":{"rendered":"Castro NFD2 Bokobran plavi 600x200mm"},"content":{"rendered":"<p>Castro NFD2 Bokobran plavi 600x200mm &#8211; <\/p>\n<p>Vrlo robusne fendere s modernim i elegantnim dizajnom. Velika kapacitet fendera zahvaljuju\u0107i njihovoj \u0161irijoj povr\u0161ini. Uvu\u010den oja\u010dani rupi\u010dasti i visokokvalitetni ventil osiguravaju savr\u0161eno brtvljenje.<\/p>\n","protected":false},"excerpt":{"rendered":"<p>Castro NFD2 Bokobran plavi 600x200mm &#8211; Vrlo robusne fendere s modernim i elegantnim dizajnom. Velika kapacitet fendera zahvaljuju\u0107i njihovoj \u0161irijoj<\/p>\n","protected":false},"featured_media":5945126,"comment_status":"closed","ping_status":"closed","template":"","meta":[],"product_brand":[3026],"product_cat":[1848],"product_tag":[],"class_list":{"0":"post-3691187","1":"product","2":"type-product","3":"status-publish","4":"has-post-thumbnail","6":"product_brand-ip-castro-hr","7":"product_cat-brodski-bokobrani","9":"first","10":"instock","11":"shipping-taxable","12":"purchasable","13":"product-type-simple"},"_links":{"self":[{"href":"https:\/\/stoic-curie.212-227-153-4.plesk.page\/hr\/wp-json\/wp\/v2\/product\/3691187","targetHints":{"allow":["GET"]}}],"collection":[{"href":"https:\/\/stoic-curie.212-227-153-4.plesk.page\/hr\/wp-json\/wp\/v2\/product"}],"about":[{"href":"https:\/\/stoic-curie.212-227-153-4.plesk.page\/hr\/wp-json\/wp\/v2\/types\/product"}],"replies":[{"embeddable":true,"href":"https:\/\/stoic-curie.212-227-153-4.plesk.page\/hr\/wp-json\/wp\/v2\/comments?post=3691187"}],"version-history":[{"count":0,"href":"https:\/\/stoic-curie.212-227-153-4.plesk.page\/hr\/wp-json\/wp\/v2\/product\/3691187\/revisions"}],"wp:featuredmedia":[{"embeddable":true,"href":"https:\/\/stoic-curie.212-227-153-4.plesk.page\/hr\/wp-json\/wp\/v2\/media\/5945126"}],"wp:attachment":[{"href":"https:\/\/stoic-curie.212-227-153-4.plesk.page\/hr\/wp-json\/wp\/v2\/media?parent=3691187"}],"wp:term":[{"taxonomy":"product_brand","embeddable":true,"href":"https:\/\/stoic-curie.212-227-153-4.plesk.page\/hr\/wp-json\/wp\/v2\/product_brand?post=3691187"},{"taxonomy":"product_cat","embeddable":true,"href":"https:\/\/stoic-curie.212-227-153-4.plesk.page\/hr\/wp-json\/wp\/v2\/product_cat?post=3691187"},{"taxonomy":"product_tag","embeddable":true,"href":"https:\/\/stoic-curie.212-227-153-4.plesk.page\/hr\/wp-json\/wp\/v2\/product_tag?post=3691187"}],"curies":[{"name":"wp","href":"https:\/\/api.w.org\/{rel}","templated":true}]}}