{"id":3691194,"date":"2025-10-13T13:46:05","date_gmt":"2025-10-13T17:46:05","guid":{"rendered":"https:\/\/stoic-curie.212-227-153-4.plesk.page\/product\/navlaka-mega-bokobrana-560x230mm-siva\/"},"modified":"2026-02-25T00:01:07","modified_gmt":"2026-02-25T00:01:07","slug":"navlaka-mega-bokobrana-560x230mm-siva","status":"publish","type":"product","link":"https:\/\/stoic-curie.212-227-153-4.plesk.page\/hr\/product\/navlaka-mega-bokobrana-560x230mm-siva\/","title":{"rendered":"Navlaka Mega bokobrana 560x230mm siva"},"content":{"rendered":"<p>Navlaka Mega bokobrana 560x230mm siva &#8211; <\/p>\n<p>Izdr\u017eljive navlake za fendere od dvostrukog sloja flisa Fendress za Mega Fender. \u0160titi Mega Fendere eliminiraju\u0107i tro\u0161enje, ogrebotine i \u0161kripanje. Mekani i \u010dvrsti, ne ostavljaju mrlje na stranama i du\u017ee traju.<\/p>\n","protected":false},"excerpt":{"rendered":"<p>Navlaka Mega bokobrana 560x230mm siva &#8211; Izdr\u017eljive navlake za fendere od dvostrukog sloja flisa Fendress za Mega Fender. \u0160titi Mega<\/p>\n","protected":false},"featured_media":5945135,"comment_status":"closed","ping_status":"closed","template":"","meta":[],"product_brand":[2936],"product_cat":[1851],"product_tag":[],"class_list":{"0":"post-3691194","1":"product","2":"type-product","3":"status-publish","4":"has-post-thumbnail","6":"product_brand-fendress-hr","7":"product_cat-navlake-za-bokobrane","9":"first","10":"instock","11":"shipping-taxable","12":"purchasable","13":"product-type-simple"},"_links":{"self":[{"href":"https:\/\/stoic-curie.212-227-153-4.plesk.page\/hr\/wp-json\/wp\/v2\/product\/3691194","targetHints":{"allow":["GET"]}}],"collection":[{"href":"https:\/\/stoic-curie.212-227-153-4.plesk.page\/hr\/wp-json\/wp\/v2\/product"}],"about":[{"href":"https:\/\/stoic-curie.212-227-153-4.plesk.page\/hr\/wp-json\/wp\/v2\/types\/product"}],"replies":[{"embeddable":true,"href":"https:\/\/stoic-curie.212-227-153-4.plesk.page\/hr\/wp-json\/wp\/v2\/comments?post=3691194"}],"version-history":[{"count":0,"href":"https:\/\/stoic-curie.212-227-153-4.plesk.page\/hr\/wp-json\/wp\/v2\/product\/3691194\/revisions"}],"wp:featuredmedia":[{"embeddable":true,"href":"https:\/\/stoic-curie.212-227-153-4.plesk.page\/hr\/wp-json\/wp\/v2\/media\/5945135"}],"wp:attachment":[{"href":"https:\/\/stoic-curie.212-227-153-4.plesk.page\/hr\/wp-json\/wp\/v2\/media?parent=3691194"}],"wp:term":[{"taxonomy":"product_brand","embeddable":true,"href":"https:\/\/stoic-curie.212-227-153-4.plesk.page\/hr\/wp-json\/wp\/v2\/product_brand?post=3691194"},{"taxonomy":"product_cat","embeddable":true,"href":"https:\/\/stoic-curie.212-227-153-4.plesk.page\/hr\/wp-json\/wp\/v2\/product_cat?post=3691194"},{"taxonomy":"product_tag","embeddable":true,"href":"https:\/\/stoic-curie.212-227-153-4.plesk.page\/hr\/wp-json\/wp\/v2\/product_tag?post=3691194"}],"curies":[{"name":"wp","href":"https:\/\/api.w.org\/{rel}","templated":true}]}}