{"id":3691200,"date":"2025-10-13T13:46:07","date_gmt":"2025-10-13T17:46:07","guid":{"rendered":"https:\/\/stoic-curie.212-227-153-4.plesk.page\/product\/baza-za-tessilmare-radial-30\/"},"modified":"2026-02-25T00:01:08","modified_gmt":"2026-02-25T00:01:08","slug":"baza-za-tessilmare-radial-30","status":"publish","type":"product","link":"https:\/\/stoic-curie.212-227-153-4.plesk.page\/hr\/product\/baza-za-tessilmare-radial-30\/","title":{"rendered":"Baza za Tessilmare Radial 30"},"content":{"rendered":"<p>Baza za Tessilmare Radial 30 &#8211; <\/p>\n<p style=\"color: rgb(34, 34, 34); font-family: Arial, Helvetica, sans-serif; font-size: small;\">Tessilmare Radial kruti nosa\u010di su dostupni u prakti\u010dnoj du\u017eini od 2 metra. Ove izdr\u017eljive \u0161ipke lako se mogu pri\u010dvrstiti na va\u0161u plovilu pomo\u0107u vijaka ili zakovica, \u010dime se eliminira potreba za specijalnim alatima. Tessilmare profil za oblaganje ne samo da pobolj\u0161ava estetski dojam va\u0161e brodice, ve\u0107 i unapre\u0111uje njenu funkcionalnost. Uz inovativne patentirane dizajne, Tessilmare uspje\u0161no kombinira otpornost na visoke udarce s elegancijom i tro\u0161kovnom u\u010dinkovito\u0161\u0107u, pru\u017eaju\u0107i modernu interpretaciju tradicionalnih rubnih \u0161ina. Radijalni profili oblaganja nude elegantnu i vizualno privla\u010dnu opciju, bez vidljivih spojeva ili o\u0161trih rubova, \u0161to rezultira \u010di\u0161\u0107im i privla\u010dnijim fini\u0161em u usporedbi sa standardnim vi\u0161edijelnim rubnim \u0161inama.<\/p>\n<p style=\"color: rgb(34, 34, 34); font-family: Arial, Helvetica, sans-serif; font-size: small;\">Posebno dizajniran za pomorsku industriju, Tessilmare Radial se mo\u017ee sastaviti za samo nekoliko minuta. Postupak instalacije je jednostavan: potrebno je samo pri\u010dvrstiti segmente \u0161ipki na trup broda i osigurati vanjski poklopac preko baze kako bi se postigao besprijekoran izgled.<\/p>\n","protected":false},"excerpt":{"rendered":"<p>Baza za Tessilmare Radial 30 &#8211; Tessilmare Radial kruti nosa\u010di su dostupni u prakti\u010dnoj du\u017eini od 2 metra. Ove izdr\u017eljive<\/p>\n","protected":false},"featured_media":5945168,"comment_status":"closed","ping_status":"closed","template":"","meta":[],"product_brand":[3481],"product_cat":[1852],"product_tag":[],"class_list":{"0":"post-3691200","1":"product","2":"type-product","3":"status-publish","4":"has-post-thumbnail","6":"product_brand-tessilmare-hr","7":"product_cat-profili-za-bokobrane","9":"first","10":"instock","11":"shipping-taxable","12":"purchasable","13":"product-type-simple"},"_links":{"self":[{"href":"https:\/\/stoic-curie.212-227-153-4.plesk.page\/hr\/wp-json\/wp\/v2\/product\/3691200","targetHints":{"allow":["GET"]}}],"collection":[{"href":"https:\/\/stoic-curie.212-227-153-4.plesk.page\/hr\/wp-json\/wp\/v2\/product"}],"about":[{"href":"https:\/\/stoic-curie.212-227-153-4.plesk.page\/hr\/wp-json\/wp\/v2\/types\/product"}],"replies":[{"embeddable":true,"href":"https:\/\/stoic-curie.212-227-153-4.plesk.page\/hr\/wp-json\/wp\/v2\/comments?post=3691200"}],"version-history":[{"count":0,"href":"https:\/\/stoic-curie.212-227-153-4.plesk.page\/hr\/wp-json\/wp\/v2\/product\/3691200\/revisions"}],"wp:featuredmedia":[{"embeddable":true,"href":"https:\/\/stoic-curie.212-227-153-4.plesk.page\/hr\/wp-json\/wp\/v2\/media\/5945168"}],"wp:attachment":[{"href":"https:\/\/stoic-curie.212-227-153-4.plesk.page\/hr\/wp-json\/wp\/v2\/media?parent=3691200"}],"wp:term":[{"taxonomy":"product_brand","embeddable":true,"href":"https:\/\/stoic-curie.212-227-153-4.plesk.page\/hr\/wp-json\/wp\/v2\/product_brand?post=3691200"},{"taxonomy":"product_cat","embeddable":true,"href":"https:\/\/stoic-curie.212-227-153-4.plesk.page\/hr\/wp-json\/wp\/v2\/product_cat?post=3691200"},{"taxonomy":"product_tag","embeddable":true,"href":"https:\/\/stoic-curie.212-227-153-4.plesk.page\/hr\/wp-json\/wp\/v2\/product_tag?post=3691200"}],"curies":[{"name":"wp","href":"https:\/\/api.w.org\/{rel}","templated":true}]}}