{"id":3691201,"date":"2025-10-13T13:46:08","date_gmt":"2025-10-13T17:46:08","guid":{"rendered":"https:\/\/stoic-curie.212-227-153-4.plesk.page\/product\/baza-za-tessilmare-radial-40\/"},"modified":"2026-02-25T00:01:08","modified_gmt":"2026-02-25T00:01:08","slug":"baza-za-tessilmare-radial-40","status":"publish","type":"product","link":"https:\/\/stoic-curie.212-227-153-4.plesk.page\/hr\/product\/baza-za-tessilmare-radial-40\/","title":{"rendered":"Baza za Tessilmare Radial 40"},"content":{"rendered":"<p>Baza za Tessilmare Radial 40 &#8211; <\/p>\n<p style=\"color: rgb(34, 34, 34); font-family: Arial, Helvetica, sans-serif; font-size: small;\">Tessilmare Radijalne \u010dvrste potpore dolaze u prakti\u010dnoj du\u017eini od 2 metra. Ove robusne \u0161ipke mogu se lako pri\u010dvrstiti na va\u0161 \u010damac pomo\u0107u vijaka ili zakovica, bez potrebe za specijalnim alatima. Tessilmare fender profil ne samo da pobolj\u0161ava estetiku va\u0161eg plovila, ve\u0107 i pove\u0107ava njegovu funkcionalnost. Sa inovativnim patentiranim dizajnom, Tessilmare spaja otpornost na visoke udarce sa stilom i ekonomi\u010dno\u0161\u0107u, nude\u0107i suvremeni pristup tradicionalnim rubnim tra\u010dnicama. Radijalni fender profili predstavljaju elegantnu i vizualno privla\u010dnu opciju, bez vidljivih spojeva ili o\u0161trih rubova, pru\u017eaju\u0107i \u010di\u0161\u0107i i privla\u010dniji zavr\u0161etak u usporedbi sa standardnim vi\u0161edijelnim rubnim tra\u010dnicama.<\/p>\n<p style=\"color: rgb(34, 34, 34); font-family: Arial, Helvetica, sans-serif; font-size: small;\">Specijalno prilago\u0111en morskoj industriji, Tessilmare Radijal se mo\u017ee sastaviti za samo nekoliko minuta. Proces instalacije je jednostavan: jednostavno pri\u010dvrstite dijelove \u0161ipke na trup \u010damca i osigurajte vanjski pokrov preko baze za besprijekoran izgled.<\/p>\n","protected":false},"excerpt":{"rendered":"<p>Baza za Tessilmare Radial 40 &#8211; Tessilmare Radijalne \u010dvrste potpore dolaze u prakti\u010dnoj du\u017eini od 2 metra. Ove robusne \u0161ipke<\/p>\n","protected":false},"featured_media":5945168,"comment_status":"closed","ping_status":"closed","template":"","meta":[],"product_brand":[3481],"product_cat":[1852],"product_tag":[],"class_list":{"0":"post-3691201","1":"product","2":"type-product","3":"status-publish","4":"has-post-thumbnail","6":"product_brand-tessilmare-hr","7":"product_cat-profili-za-bokobrane","9":"first","10":"instock","11":"shipping-taxable","12":"purchasable","13":"product-type-simple"},"_links":{"self":[{"href":"https:\/\/stoic-curie.212-227-153-4.plesk.page\/hr\/wp-json\/wp\/v2\/product\/3691201","targetHints":{"allow":["GET"]}}],"collection":[{"href":"https:\/\/stoic-curie.212-227-153-4.plesk.page\/hr\/wp-json\/wp\/v2\/product"}],"about":[{"href":"https:\/\/stoic-curie.212-227-153-4.plesk.page\/hr\/wp-json\/wp\/v2\/types\/product"}],"replies":[{"embeddable":true,"href":"https:\/\/stoic-curie.212-227-153-4.plesk.page\/hr\/wp-json\/wp\/v2\/comments?post=3691201"}],"version-history":[{"count":0,"href":"https:\/\/stoic-curie.212-227-153-4.plesk.page\/hr\/wp-json\/wp\/v2\/product\/3691201\/revisions"}],"wp:featuredmedia":[{"embeddable":true,"href":"https:\/\/stoic-curie.212-227-153-4.plesk.page\/hr\/wp-json\/wp\/v2\/media\/5945168"}],"wp:attachment":[{"href":"https:\/\/stoic-curie.212-227-153-4.plesk.page\/hr\/wp-json\/wp\/v2\/media?parent=3691201"}],"wp:term":[{"taxonomy":"product_brand","embeddable":true,"href":"https:\/\/stoic-curie.212-227-153-4.plesk.page\/hr\/wp-json\/wp\/v2\/product_brand?post=3691201"},{"taxonomy":"product_cat","embeddable":true,"href":"https:\/\/stoic-curie.212-227-153-4.plesk.page\/hr\/wp-json\/wp\/v2\/product_cat?post=3691201"},{"taxonomy":"product_tag","embeddable":true,"href":"https:\/\/stoic-curie.212-227-153-4.plesk.page\/hr\/wp-json\/wp\/v2\/product_tag?post=3691201"}],"curies":[{"name":"wp","href":"https:\/\/api.w.org\/{rel}","templated":true}]}}