{"id":3691210,"date":"2025-10-13T13:46:10","date_gmt":"2025-10-13T17:46:10","guid":{"rendered":"https:\/\/stoic-curie.212-227-153-4.plesk.page\/product\/u-vijak-nehrdajuci-celik-s-12x120mm-zadebljani\/"},"modified":"2026-02-25T00:01:08","modified_gmt":"2026-02-25T00:01:08","slug":"u-vijak-nehrdajuci-celik-s-12x120mm-zadebljani","status":"publish","type":"product","link":"https:\/\/stoic-curie.212-227-153-4.plesk.page\/hr\/product\/u-vijak-nehrdajuci-celik-s-12x120mm-zadebljani\/","title":{"rendered":"U-vijak nehr\u0111aju\u010di \u010delik S 12x120mm zadebljani"},"content":{"rendered":"<p>U-vijak nehr\u0111aju\u010di \u010delik S 12x120mm zadebljani &#8211; <\/p>\n<p>U-bolt deblji od nehr\u0111aju\u0107eg \u010delika s jednostavnim zatezanjem samovratnih matica.<\/p>\n","protected":false},"excerpt":{"rendered":"<p>U-vijak nehr\u0111aju\u010di \u010delik S 12x120mm zadebljani &#8211; U-bolt deblji od nehr\u0111aju\u0107eg \u010delika s jednostavnim zatezanjem samovratnih matica.<\/p>\n","protected":false},"featured_media":5945175,"comment_status":"closed","ping_status":"closed","template":"","meta":[],"product_brand":[3121],"product_cat":[1682,1765,1726],"product_tag":[],"class_list":{"0":"post-3691210","1":"product","2":"type-product","3":"status-publish","4":"has-post-thumbnail","6":"product_brand-marinetech-hr","7":"product_cat-palubna-oprema","8":"product_cat-pribor-i-oprema-za-brodice-i-jedrilice","9":"product_cat-usice-od-nehrdajuceg-celika","11":"first","12":"instock","13":"shipping-taxable","14":"purchasable","15":"product-type-simple"},"_links":{"self":[{"href":"https:\/\/stoic-curie.212-227-153-4.plesk.page\/hr\/wp-json\/wp\/v2\/product\/3691210","targetHints":{"allow":["GET"]}}],"collection":[{"href":"https:\/\/stoic-curie.212-227-153-4.plesk.page\/hr\/wp-json\/wp\/v2\/product"}],"about":[{"href":"https:\/\/stoic-curie.212-227-153-4.plesk.page\/hr\/wp-json\/wp\/v2\/types\/product"}],"replies":[{"embeddable":true,"href":"https:\/\/stoic-curie.212-227-153-4.plesk.page\/hr\/wp-json\/wp\/v2\/comments?post=3691210"}],"version-history":[{"count":0,"href":"https:\/\/stoic-curie.212-227-153-4.plesk.page\/hr\/wp-json\/wp\/v2\/product\/3691210\/revisions"}],"wp:featuredmedia":[{"embeddable":true,"href":"https:\/\/stoic-curie.212-227-153-4.plesk.page\/hr\/wp-json\/wp\/v2\/media\/5945175"}],"wp:attachment":[{"href":"https:\/\/stoic-curie.212-227-153-4.plesk.page\/hr\/wp-json\/wp\/v2\/media?parent=3691210"}],"wp:term":[{"taxonomy":"product_brand","embeddable":true,"href":"https:\/\/stoic-curie.212-227-153-4.plesk.page\/hr\/wp-json\/wp\/v2\/product_brand?post=3691210"},{"taxonomy":"product_cat","embeddable":true,"href":"https:\/\/stoic-curie.212-227-153-4.plesk.page\/hr\/wp-json\/wp\/v2\/product_cat?post=3691210"},{"taxonomy":"product_tag","embeddable":true,"href":"https:\/\/stoic-curie.212-227-153-4.plesk.page\/hr\/wp-json\/wp\/v2\/product_tag?post=3691210"}],"curies":[{"name":"wp","href":"https:\/\/api.w.org\/{rel}","templated":true}]}}