{"id":3691215,"date":"2025-10-13T13:46:12","date_gmt":"2025-10-13T17:46:12","guid":{"rendered":"https:\/\/stoic-curie.212-227-153-4.plesk.page\/product\/preklopna-sarka-od-nehrdajuceg-celika-65x38x1-5mm-h24-mm\/"},"modified":"2026-02-25T00:01:08","modified_gmt":"2026-02-25T00:01:08","slug":"preklopna-sarka-od-nehrdajuceg-celika-65x38x1-5mm-h24-mm","status":"publish","type":"product","link":"https:\/\/stoic-curie.212-227-153-4.plesk.page\/hr\/product\/preklopna-sarka-od-nehrdajuceg-celika-65x38x1-5mm-h24-mm\/","title":{"rendered":"Preklopna \u0161arka od nehr\u0111aju\u0107eg \u010delika 65x38x1.5mm H24 mm"},"content":{"rendered":"<p>Preklopna \u0161arka od nehr\u0111aju\u0107eg \u010delika 65x38x1.5mm H24 mm &#8211; <\/p>\n<p>Standardne dugotrajne zakretne \u0161arke od nehr\u0111aju\u0107eg \u010delika s kratkom stranom.<\/p>\n","protected":false},"excerpt":{"rendered":"<p>Preklopna \u0161arka od nehr\u0111aju\u0107eg \u010delika 65x38x1.5mm H24 mm &#8211; Standardne dugotrajne zakretne \u0161arke od nehr\u0111aju\u0107eg \u010delika s kratkom stranom.<\/p>\n","protected":false},"featured_media":5943169,"comment_status":"closed","ping_status":"closed","template":"","meta":[],"product_brand":[3121],"product_cat":[1711],"product_tag":[],"class_list":{"0":"post-3691215","1":"product","2":"type-product","3":"status-publish","4":"has-post-thumbnail","6":"product_brand-marinetech-hr","7":"product_cat-brodske-sarke","9":"first","10":"instock","11":"shipping-taxable","12":"purchasable","13":"product-type-simple"},"_links":{"self":[{"href":"https:\/\/stoic-curie.212-227-153-4.plesk.page\/hr\/wp-json\/wp\/v2\/product\/3691215","targetHints":{"allow":["GET"]}}],"collection":[{"href":"https:\/\/stoic-curie.212-227-153-4.plesk.page\/hr\/wp-json\/wp\/v2\/product"}],"about":[{"href":"https:\/\/stoic-curie.212-227-153-4.plesk.page\/hr\/wp-json\/wp\/v2\/types\/product"}],"replies":[{"embeddable":true,"href":"https:\/\/stoic-curie.212-227-153-4.plesk.page\/hr\/wp-json\/wp\/v2\/comments?post=3691215"}],"version-history":[{"count":0,"href":"https:\/\/stoic-curie.212-227-153-4.plesk.page\/hr\/wp-json\/wp\/v2\/product\/3691215\/revisions"}],"wp:featuredmedia":[{"embeddable":true,"href":"https:\/\/stoic-curie.212-227-153-4.plesk.page\/hr\/wp-json\/wp\/v2\/media\/5943169"}],"wp:attachment":[{"href":"https:\/\/stoic-curie.212-227-153-4.plesk.page\/hr\/wp-json\/wp\/v2\/media?parent=3691215"}],"wp:term":[{"taxonomy":"product_brand","embeddable":true,"href":"https:\/\/stoic-curie.212-227-153-4.plesk.page\/hr\/wp-json\/wp\/v2\/product_brand?post=3691215"},{"taxonomy":"product_cat","embeddable":true,"href":"https:\/\/stoic-curie.212-227-153-4.plesk.page\/hr\/wp-json\/wp\/v2\/product_cat?post=3691215"},{"taxonomy":"product_tag","embeddable":true,"href":"https:\/\/stoic-curie.212-227-153-4.plesk.page\/hr\/wp-json\/wp\/v2\/product_tag?post=3691215"}],"curies":[{"name":"wp","href":"https:\/\/api.w.org\/{rel}","templated":true}]}}