{"id":3691239,"date":"2025-10-13T13:46:17","date_gmt":"2025-10-13T17:46:17","guid":{"rendered":"https:\/\/stoic-curie.212-227-153-4.plesk.page\/product\/paket-vijaka-s-upustenom-glavom-phillips-a4-din-965-8x80-s-maticama-2kom\/"},"modified":"2026-02-25T00:01:08","modified_gmt":"2026-02-25T00:01:08","slug":"paket-vijaka-s-upustenom-glavom-phillips-a4-din-965-8x80-s-maticama-2kom","status":"publish","type":"product","link":"https:\/\/stoic-curie.212-227-153-4.plesk.page\/hr\/product\/paket-vijaka-s-upustenom-glavom-phillips-a4-din-965-8x80-s-maticama-2kom\/","title":{"rendered":"Paket vijaka s upu\u0161tenom glavom Phillips A4 DIN 965 8&#215;80 s maticama 2kom"},"content":{"rendered":"<p>Paket vijaka s upu\u0161tenom glavom Phillips A4 DIN 965 8&#215;80 s maticama 2kom &#8211; <\/p>\n<p>Vijke s ravnom glavom Philips od nehr\u0111aju\u0107eg \u010delika DIN 965 A4 metri\u010dki. U blister pakiranju s maticama. <\/p>\n","protected":false},"excerpt":{"rendered":"<p>Paket vijaka s upu\u0161tenom glavom Phillips A4 DIN 965 8&#215;80 s maticama 2kom &#8211; Vijke s ravnom glavom Philips od<\/p>\n","protected":false},"featured_media":5945182,"comment_status":"closed","ping_status":"closed","template":"","meta":[],"product_brand":[3121],"product_cat":[1716],"product_tag":[],"class_list":{"0":"post-3691239","1":"product","2":"type-product","3":"status-publish","4":"has-post-thumbnail","6":"product_brand-marinetech-hr","7":"product_cat-din-965-vijci-od-nehrdajuceg-celika","9":"first","10":"instock","11":"shipping-taxable","12":"purchasable","13":"product-type-simple"},"_links":{"self":[{"href":"https:\/\/stoic-curie.212-227-153-4.plesk.page\/hr\/wp-json\/wp\/v2\/product\/3691239","targetHints":{"allow":["GET"]}}],"collection":[{"href":"https:\/\/stoic-curie.212-227-153-4.plesk.page\/hr\/wp-json\/wp\/v2\/product"}],"about":[{"href":"https:\/\/stoic-curie.212-227-153-4.plesk.page\/hr\/wp-json\/wp\/v2\/types\/product"}],"replies":[{"embeddable":true,"href":"https:\/\/stoic-curie.212-227-153-4.plesk.page\/hr\/wp-json\/wp\/v2\/comments?post=3691239"}],"version-history":[{"count":0,"href":"https:\/\/stoic-curie.212-227-153-4.plesk.page\/hr\/wp-json\/wp\/v2\/product\/3691239\/revisions"}],"wp:featuredmedia":[{"embeddable":true,"href":"https:\/\/stoic-curie.212-227-153-4.plesk.page\/hr\/wp-json\/wp\/v2\/media\/5945182"}],"wp:attachment":[{"href":"https:\/\/stoic-curie.212-227-153-4.plesk.page\/hr\/wp-json\/wp\/v2\/media?parent=3691239"}],"wp:term":[{"taxonomy":"product_brand","embeddable":true,"href":"https:\/\/stoic-curie.212-227-153-4.plesk.page\/hr\/wp-json\/wp\/v2\/product_brand?post=3691239"},{"taxonomy":"product_cat","embeddable":true,"href":"https:\/\/stoic-curie.212-227-153-4.plesk.page\/hr\/wp-json\/wp\/v2\/product_cat?post=3691239"},{"taxonomy":"product_tag","embeddable":true,"href":"https:\/\/stoic-curie.212-227-153-4.plesk.page\/hr\/wp-json\/wp\/v2\/product_tag?post=3691239"}],"curies":[{"name":"wp","href":"https:\/\/api.w.org\/{rel}","templated":true}]}}