{"id":3691247,"date":"2025-10-13T13:46:18","date_gmt":"2025-10-13T17:46:18","guid":{"rendered":"https:\/\/stoic-curie.212-227-153-4.plesk.page\/product\/phillips-krizni-vijci-sa-lecastom-glavom-a4-din-7985-5x40-s-maticama-4-kom\/"},"modified":"2026-02-25T00:01:08","modified_gmt":"2026-02-25T00:01:08","slug":"phillips-krizni-vijci-sa-lecastom-glavom-a4-din-7985-5x40-s-maticama-4-kom","status":"publish","type":"product","link":"https:\/\/stoic-curie.212-227-153-4.plesk.page\/hr\/product\/phillips-krizni-vijci-sa-lecastom-glavom-a4-din-7985-5x40-s-maticama-4-kom\/","title":{"rendered":"Phillips kri\u017eni vijci sa le\u0107astom glavom A4 DIN 7985 5&#215;40 s maticama 4 kom"},"content":{"rendered":"<p>Phillips kri\u017eni vijci sa le\u0107astom glavom A4 DIN 7985 5&#215;40 s maticama 4 kom &#8211; <\/p>\n<p>Vijkevi s ravnom glavom i Phillips ravnog tipa A4 metrikom od nehr\u0111aju\u0107eg \u010delika DIN 7985. U blister pakiranju sa maticama.<\/p>\n","protected":false},"excerpt":{"rendered":"<p>Phillips kri\u017eni vijci sa le\u0107astom glavom A4 DIN 7985 5&#215;40 s maticama 4 kom &#8211; Vijkevi s ravnom glavom i<\/p>\n","protected":false},"featured_media":5945185,"comment_status":"closed","ping_status":"closed","template":"","meta":[],"product_brand":[3121],"product_cat":[1721],"product_tag":[],"class_list":{"0":"post-3691247","1":"product","2":"type-product","3":"status-publish","4":"has-post-thumbnail","6":"product_brand-marinetech-hr","7":"product_cat-din-7985-vijci-od-nehrdajuceg-celika","9":"first","10":"instock","11":"shipping-taxable","12":"purchasable","13":"product-type-simple"},"_links":{"self":[{"href":"https:\/\/stoic-curie.212-227-153-4.plesk.page\/hr\/wp-json\/wp\/v2\/product\/3691247","targetHints":{"allow":["GET"]}}],"collection":[{"href":"https:\/\/stoic-curie.212-227-153-4.plesk.page\/hr\/wp-json\/wp\/v2\/product"}],"about":[{"href":"https:\/\/stoic-curie.212-227-153-4.plesk.page\/hr\/wp-json\/wp\/v2\/types\/product"}],"replies":[{"embeddable":true,"href":"https:\/\/stoic-curie.212-227-153-4.plesk.page\/hr\/wp-json\/wp\/v2\/comments?post=3691247"}],"version-history":[{"count":0,"href":"https:\/\/stoic-curie.212-227-153-4.plesk.page\/hr\/wp-json\/wp\/v2\/product\/3691247\/revisions"}],"wp:featuredmedia":[{"embeddable":true,"href":"https:\/\/stoic-curie.212-227-153-4.plesk.page\/hr\/wp-json\/wp\/v2\/media\/5945185"}],"wp:attachment":[{"href":"https:\/\/stoic-curie.212-227-153-4.plesk.page\/hr\/wp-json\/wp\/v2\/media?parent=3691247"}],"wp:term":[{"taxonomy":"product_brand","embeddable":true,"href":"https:\/\/stoic-curie.212-227-153-4.plesk.page\/hr\/wp-json\/wp\/v2\/product_brand?post=3691247"},{"taxonomy":"product_cat","embeddable":true,"href":"https:\/\/stoic-curie.212-227-153-4.plesk.page\/hr\/wp-json\/wp\/v2\/product_cat?post=3691247"},{"taxonomy":"product_tag","embeddable":true,"href":"https:\/\/stoic-curie.212-227-153-4.plesk.page\/hr\/wp-json\/wp\/v2\/product_tag?post=3691247"}],"curies":[{"name":"wp","href":"https:\/\/api.w.org\/{rel}","templated":true}]}}