{"id":3691258,"date":"2025-10-13T13:46:20","date_gmt":"2025-10-13T17:46:20","guid":{"rendered":"https:\/\/stoic-curie.212-227-153-4.plesk.page\/product\/sesterokutni-vijci-a4-din-933-5x50-s-maticom-4kom\/"},"modified":"2026-02-25T00:01:08","modified_gmt":"2026-02-25T00:01:08","slug":"sesterokutni-vijci-a4-din-933-5x50-s-maticom-4kom","status":"publish","type":"product","link":"https:\/\/stoic-curie.212-227-153-4.plesk.page\/hr\/product\/sesterokutni-vijci-a4-din-933-5x50-s-maticom-4kom\/","title":{"rendered":"\u0160esterokutni vijci A4 DIN 933 5&#215;50 s maticom 4kom"},"content":{"rendered":"<p>\u0160esterokutni vijci A4 DIN 933 5&#215;50 s maticom 4kom &#8211; <\/p>\n<p>Vijci s heksagonalnom glavom DIN 933 A4 od nehr\u0111aju\u0107eg \u010delika. U blister pakiranju s maticama.<\/p>\n","protected":false},"excerpt":{"rendered":"<p>\u0160esterokutni vijci A4 DIN 933 5&#215;50 s maticom 4kom &#8211; Vijci s heksagonalnom glavom DIN 933 A4 od nehr\u0111aju\u0107eg \u010delika.<\/p>\n","protected":false},"featured_media":5945188,"comment_status":"closed","ping_status":"closed","template":"","meta":[],"product_brand":[3121],"product_cat":[1714],"product_tag":[],"class_list":{"0":"post-3691258","1":"product","2":"type-product","3":"status-publish","4":"has-post-thumbnail","6":"product_brand-marinetech-hr","7":"product_cat-din-933-vijci-od-nehrdajuceg-celika","9":"first","10":"instock","11":"shipping-taxable","12":"purchasable","13":"product-type-simple"},"_links":{"self":[{"href":"https:\/\/stoic-curie.212-227-153-4.plesk.page\/hr\/wp-json\/wp\/v2\/product\/3691258","targetHints":{"allow":["GET"]}}],"collection":[{"href":"https:\/\/stoic-curie.212-227-153-4.plesk.page\/hr\/wp-json\/wp\/v2\/product"}],"about":[{"href":"https:\/\/stoic-curie.212-227-153-4.plesk.page\/hr\/wp-json\/wp\/v2\/types\/product"}],"replies":[{"embeddable":true,"href":"https:\/\/stoic-curie.212-227-153-4.plesk.page\/hr\/wp-json\/wp\/v2\/comments?post=3691258"}],"version-history":[{"count":0,"href":"https:\/\/stoic-curie.212-227-153-4.plesk.page\/hr\/wp-json\/wp\/v2\/product\/3691258\/revisions"}],"wp:featuredmedia":[{"embeddable":true,"href":"https:\/\/stoic-curie.212-227-153-4.plesk.page\/hr\/wp-json\/wp\/v2\/media\/5945188"}],"wp:attachment":[{"href":"https:\/\/stoic-curie.212-227-153-4.plesk.page\/hr\/wp-json\/wp\/v2\/media?parent=3691258"}],"wp:term":[{"taxonomy":"product_brand","embeddable":true,"href":"https:\/\/stoic-curie.212-227-153-4.plesk.page\/hr\/wp-json\/wp\/v2\/product_brand?post=3691258"},{"taxonomy":"product_cat","embeddable":true,"href":"https:\/\/stoic-curie.212-227-153-4.plesk.page\/hr\/wp-json\/wp\/v2\/product_cat?post=3691258"},{"taxonomy":"product_tag","embeddable":true,"href":"https:\/\/stoic-curie.212-227-153-4.plesk.page\/hr\/wp-json\/wp\/v2\/product_tag?post=3691258"}],"curies":[{"name":"wp","href":"https:\/\/api.w.org\/{rel}","templated":true}]}}