{"id":3691281,"date":"2025-10-13T13:46:23","date_gmt":"2025-10-13T17:46:23","guid":{"rendered":"https:\/\/stoic-curie.212-227-153-4.plesk.page\/product\/paket-vijaka-sa-imbus-glavom-a4-din-912-5x25-s-maticama-6kom\/"},"modified":"2026-02-25T00:01:08","modified_gmt":"2026-02-25T00:01:08","slug":"paket-vijaka-sa-imbus-glavom-a4-din-912-5x25-s-maticama-6kom","status":"publish","type":"product","link":"https:\/\/stoic-curie.212-227-153-4.plesk.page\/hr\/product\/paket-vijaka-sa-imbus-glavom-a4-din-912-5x25-s-maticama-6kom\/","title":{"rendered":"Paket vijaka sa imbus glavom A4 DIN 912 5&#215;25 s maticama, 6kom"},"content":{"rendered":"<p>Paket vijaka sa imbus glavom A4 DIN 912 5&#215;25 s maticama, 6kom &#8211; <\/p>\n<p>Ner\u0111aju\u0107i DIN 912 A4 vijci s unutarnjim \u0161esterokutnim glavama. U prakti\u010dnom i elegantnom blister pakiranju s maticama.<\/p>\n","protected":false},"excerpt":{"rendered":"<p>Paket vijaka sa imbus glavom A4 DIN 912 5&#215;25 s maticama, 6kom &#8211; Ner\u0111aju\u0107i DIN 912 A4 vijci s unutarnjim<\/p>\n","protected":false},"featured_media":5945191,"comment_status":"closed","ping_status":"closed","template":"","meta":[],"product_brand":[3121],"product_cat":[1713],"product_tag":[],"class_list":{"0":"post-3691281","1":"product","2":"type-product","3":"status-publish","4":"has-post-thumbnail","6":"product_brand-marinetech-hr","7":"product_cat-din-912-vijci-od-nehrdajuceg-celika","9":"first","10":"instock","11":"shipping-taxable","12":"purchasable","13":"product-type-simple"},"_links":{"self":[{"href":"https:\/\/stoic-curie.212-227-153-4.plesk.page\/hr\/wp-json\/wp\/v2\/product\/3691281","targetHints":{"allow":["GET"]}}],"collection":[{"href":"https:\/\/stoic-curie.212-227-153-4.plesk.page\/hr\/wp-json\/wp\/v2\/product"}],"about":[{"href":"https:\/\/stoic-curie.212-227-153-4.plesk.page\/hr\/wp-json\/wp\/v2\/types\/product"}],"replies":[{"embeddable":true,"href":"https:\/\/stoic-curie.212-227-153-4.plesk.page\/hr\/wp-json\/wp\/v2\/comments?post=3691281"}],"version-history":[{"count":0,"href":"https:\/\/stoic-curie.212-227-153-4.plesk.page\/hr\/wp-json\/wp\/v2\/product\/3691281\/revisions"}],"wp:featuredmedia":[{"embeddable":true,"href":"https:\/\/stoic-curie.212-227-153-4.plesk.page\/hr\/wp-json\/wp\/v2\/media\/5945191"}],"wp:attachment":[{"href":"https:\/\/stoic-curie.212-227-153-4.plesk.page\/hr\/wp-json\/wp\/v2\/media?parent=3691281"}],"wp:term":[{"taxonomy":"product_brand","embeddable":true,"href":"https:\/\/stoic-curie.212-227-153-4.plesk.page\/hr\/wp-json\/wp\/v2\/product_brand?post=3691281"},{"taxonomy":"product_cat","embeddable":true,"href":"https:\/\/stoic-curie.212-227-153-4.plesk.page\/hr\/wp-json\/wp\/v2\/product_cat?post=3691281"},{"taxonomy":"product_tag","embeddable":true,"href":"https:\/\/stoic-curie.212-227-153-4.plesk.page\/hr\/wp-json\/wp\/v2\/product_tag?post=3691281"}],"curies":[{"name":"wp","href":"https:\/\/api.w.org\/{rel}","templated":true}]}}