{"id":3691314,"date":"2025-10-13T13:46:31","date_gmt":"2025-10-13T17:46:31","guid":{"rendered":"https:\/\/stoic-curie.212-227-153-4.plesk.page\/product\/pakiranje-sirokih-podloski-a4-din-9021-8x24mm-10kom\/"},"modified":"2026-02-25T00:01:08","modified_gmt":"2026-02-25T00:01:08","slug":"pakiranje-sirokih-podloski-a4-din-9021-8x24mm-10kom","status":"publish","type":"product","link":"https:\/\/stoic-curie.212-227-153-4.plesk.page\/hr\/product\/pakiranje-sirokih-podloski-a4-din-9021-8x24mm-10kom\/","title":{"rendered":"Pakiranje \u0161irokih podlo\u0161ki A4 DIN 9021 8x24mm 10kom"},"content":{"rendered":"<p>Pakiranje \u0161irokih podlo\u0161ki A4 DIN 9021 8x24mm 10kom &#8211; <\/p>\n<p>Inox DIN 9021 A4 podlo\u0161ke za fendere, tri puta ve\u0107e od rupe. U prakti\u010dnim i elegantnim pakiranjima.<\/p>\n","protected":false},"excerpt":{"rendered":"<p>Pakiranje \u0161irokih podlo\u0161ki A4 DIN 9021 8x24mm 10kom &#8211; Inox DIN 9021 A4 podlo\u0161ke za fendere, tri puta ve\u0107e od<\/p>\n","protected":false},"featured_media":5945203,"comment_status":"closed","ping_status":"closed","template":"","meta":[],"product_brand":[3121],"product_cat":[1717],"product_tag":[],"class_list":{"0":"post-3691314","1":"product","2":"type-product","3":"status-publish","4":"has-post-thumbnail","6":"product_brand-marinetech-hr","7":"product_cat-podlosci-od-nehrdajuceg-celika","9":"first","10":"instock","11":"shipping-taxable","12":"purchasable","13":"product-type-simple"},"_links":{"self":[{"href":"https:\/\/stoic-curie.212-227-153-4.plesk.page\/hr\/wp-json\/wp\/v2\/product\/3691314","targetHints":{"allow":["GET"]}}],"collection":[{"href":"https:\/\/stoic-curie.212-227-153-4.plesk.page\/hr\/wp-json\/wp\/v2\/product"}],"about":[{"href":"https:\/\/stoic-curie.212-227-153-4.plesk.page\/hr\/wp-json\/wp\/v2\/types\/product"}],"replies":[{"embeddable":true,"href":"https:\/\/stoic-curie.212-227-153-4.plesk.page\/hr\/wp-json\/wp\/v2\/comments?post=3691314"}],"version-history":[{"count":0,"href":"https:\/\/stoic-curie.212-227-153-4.plesk.page\/hr\/wp-json\/wp\/v2\/product\/3691314\/revisions"}],"wp:featuredmedia":[{"embeddable":true,"href":"https:\/\/stoic-curie.212-227-153-4.plesk.page\/hr\/wp-json\/wp\/v2\/media\/5945203"}],"wp:attachment":[{"href":"https:\/\/stoic-curie.212-227-153-4.plesk.page\/hr\/wp-json\/wp\/v2\/media?parent=3691314"}],"wp:term":[{"taxonomy":"product_brand","embeddable":true,"href":"https:\/\/stoic-curie.212-227-153-4.plesk.page\/hr\/wp-json\/wp\/v2\/product_brand?post=3691314"},{"taxonomy":"product_cat","embeddable":true,"href":"https:\/\/stoic-curie.212-227-153-4.plesk.page\/hr\/wp-json\/wp\/v2\/product_cat?post=3691314"},{"taxonomy":"product_tag","embeddable":true,"href":"https:\/\/stoic-curie.212-227-153-4.plesk.page\/hr\/wp-json\/wp\/v2\/product_tag?post=3691314"}],"curies":[{"name":"wp","href":"https:\/\/api.w.org\/{rel}","templated":true}]}}