{"id":3691332,"date":"2025-10-13T13:46:36","date_gmt":"2025-10-13T17:46:36","guid":{"rendered":"https:\/\/stoic-curie.212-227-153-4.plesk.page\/product\/philips-samorezni-krizni-vijci-sa-lecastom-glavom-a4-din-7981-42x32mm-10kom\/"},"modified":"2026-02-25T00:01:08","modified_gmt":"2026-02-25T00:01:08","slug":"philips-samorezni-krizni-vijci-sa-lecastom-glavom-a4-din-7981-42x32mm-10kom","status":"publish","type":"product","link":"https:\/\/stoic-curie.212-227-153-4.plesk.page\/hr\/product\/philips-samorezni-krizni-vijci-sa-lecastom-glavom-a4-din-7981-42x32mm-10kom\/","title":{"rendered":"Philips samorezni kri\u017eni vijci sa le\u0107astom glavom A4 DIN 7981 4,2x32mm 10kom"},"content":{"rendered":"<p>Philips samorezni kri\u017eni vijci sa le\u0107astom glavom A4 DIN 7981 4,2x32mm 10kom &#8211; <\/p>\n<p>Vijke od nehr\u0111aju\u0107eg \u010delika DIN 7981 A4 s pan glavom i Phillips utorom za uvijanje. U prakti\u010dnim i elegantnim blister pakiranjima.<\/p>\n","protected":false},"excerpt":{"rendered":"<p>Philips samorezni kri\u017eni vijci sa le\u0107astom glavom A4 DIN 7981 4,2x32mm 10kom &#8211; Vijke od nehr\u0111aju\u0107eg \u010delika DIN 7981 A4<\/p>\n","protected":false},"featured_media":5945206,"comment_status":"closed","ping_status":"closed","template":"","meta":[],"product_brand":[3121],"product_cat":[1718],"product_tag":[],"class_list":{"0":"post-3691332","1":"product","2":"type-product","3":"status-publish","4":"has-post-thumbnail","6":"product_brand-marinetech-hr","7":"product_cat-din-7981-vijci-od-nehrdajuceg-celika","9":"first","10":"instock","11":"shipping-taxable","12":"purchasable","13":"product-type-simple"},"_links":{"self":[{"href":"https:\/\/stoic-curie.212-227-153-4.plesk.page\/hr\/wp-json\/wp\/v2\/product\/3691332","targetHints":{"allow":["GET"]}}],"collection":[{"href":"https:\/\/stoic-curie.212-227-153-4.plesk.page\/hr\/wp-json\/wp\/v2\/product"}],"about":[{"href":"https:\/\/stoic-curie.212-227-153-4.plesk.page\/hr\/wp-json\/wp\/v2\/types\/product"}],"replies":[{"embeddable":true,"href":"https:\/\/stoic-curie.212-227-153-4.plesk.page\/hr\/wp-json\/wp\/v2\/comments?post=3691332"}],"version-history":[{"count":0,"href":"https:\/\/stoic-curie.212-227-153-4.plesk.page\/hr\/wp-json\/wp\/v2\/product\/3691332\/revisions"}],"wp:featuredmedia":[{"embeddable":true,"href":"https:\/\/stoic-curie.212-227-153-4.plesk.page\/hr\/wp-json\/wp\/v2\/media\/5945206"}],"wp:attachment":[{"href":"https:\/\/stoic-curie.212-227-153-4.plesk.page\/hr\/wp-json\/wp\/v2\/media?parent=3691332"}],"wp:term":[{"taxonomy":"product_brand","embeddable":true,"href":"https:\/\/stoic-curie.212-227-153-4.plesk.page\/hr\/wp-json\/wp\/v2\/product_brand?post=3691332"},{"taxonomy":"product_cat","embeddable":true,"href":"https:\/\/stoic-curie.212-227-153-4.plesk.page\/hr\/wp-json\/wp\/v2\/product_cat?post=3691332"},{"taxonomy":"product_tag","embeddable":true,"href":"https:\/\/stoic-curie.212-227-153-4.plesk.page\/hr\/wp-json\/wp\/v2\/product_tag?post=3691332"}],"curies":[{"name":"wp","href":"https:\/\/api.w.org\/{rel}","templated":true}]}}