{"id":3691354,"date":"2025-10-13T13:46:42","date_gmt":"2025-10-13T17:46:42","guid":{"rendered":"https:\/\/stoic-curie.212-227-153-4.plesk.page\/product\/pakiranje-vijaka-phillips-a4-din-7982-sa-ravnom-glavom-35x16mm-12kom\/"},"modified":"2026-02-25T00:01:08","modified_gmt":"2026-02-25T00:01:08","slug":"pakiranje-vijaka-phillips-a4-din-7982-sa-ravnom-glavom-35x16mm-12kom","status":"publish","type":"product","link":"https:\/\/stoic-curie.212-227-153-4.plesk.page\/hr\/product\/pakiranje-vijaka-phillips-a4-din-7982-sa-ravnom-glavom-35x16mm-12kom\/","title":{"rendered":"Pakiranje vijaka Phillips A4 DIN 7982, sa ravnom glavom, 3,5x16mm, 12kom"},"content":{"rendered":"<p>Pakiranje vijaka Phillips A4 DIN 7982, sa ravnom glavom, 3,5x16mm, 12kom &#8211; <\/p>\n<p>Vijke s ravnim glavama s utorom DIN 7982 A4 od nehr\u0111aju\u0107eg \u010delika. U prakti\u010dnim i elegantnim blister pakiranjima.<\/p>\n","protected":false},"excerpt":{"rendered":"<p>Pakiranje vijaka Phillips A4 DIN 7982, sa ravnom glavom, 3,5x16mm, 12kom &#8211; Vijke s ravnim glavama s utorom DIN 7982<\/p>\n","protected":false},"featured_media":5945209,"comment_status":"closed","ping_status":"closed","template":"","meta":[],"product_brand":[3121],"product_cat":[1720],"product_tag":[],"class_list":{"0":"post-3691354","1":"product","2":"type-product","3":"status-publish","4":"has-post-thumbnail","6":"product_brand-marinetech-hr","7":"product_cat-din-7982-vijci-od-nehrdajuceg-celika","9":"first","10":"outofstock","11":"shipping-taxable","12":"purchasable","13":"product-type-simple"},"_links":{"self":[{"href":"https:\/\/stoic-curie.212-227-153-4.plesk.page\/hr\/wp-json\/wp\/v2\/product\/3691354","targetHints":{"allow":["GET"]}}],"collection":[{"href":"https:\/\/stoic-curie.212-227-153-4.plesk.page\/hr\/wp-json\/wp\/v2\/product"}],"about":[{"href":"https:\/\/stoic-curie.212-227-153-4.plesk.page\/hr\/wp-json\/wp\/v2\/types\/product"}],"replies":[{"embeddable":true,"href":"https:\/\/stoic-curie.212-227-153-4.plesk.page\/hr\/wp-json\/wp\/v2\/comments?post=3691354"}],"version-history":[{"count":0,"href":"https:\/\/stoic-curie.212-227-153-4.plesk.page\/hr\/wp-json\/wp\/v2\/product\/3691354\/revisions"}],"wp:featuredmedia":[{"embeddable":true,"href":"https:\/\/stoic-curie.212-227-153-4.plesk.page\/hr\/wp-json\/wp\/v2\/media\/5945209"}],"wp:attachment":[{"href":"https:\/\/stoic-curie.212-227-153-4.plesk.page\/hr\/wp-json\/wp\/v2\/media?parent=3691354"}],"wp:term":[{"taxonomy":"product_brand","embeddable":true,"href":"https:\/\/stoic-curie.212-227-153-4.plesk.page\/hr\/wp-json\/wp\/v2\/product_brand?post=3691354"},{"taxonomy":"product_cat","embeddable":true,"href":"https:\/\/stoic-curie.212-227-153-4.plesk.page\/hr\/wp-json\/wp\/v2\/product_cat?post=3691354"},{"taxonomy":"product_tag","embeddable":true,"href":"https:\/\/stoic-curie.212-227-153-4.plesk.page\/hr\/wp-json\/wp\/v2\/product_tag?post=3691354"}],"curies":[{"name":"wp","href":"https:\/\/api.w.org\/{rel}","templated":true}]}}