{"id":3691386,"date":"2025-10-13T13:46:51","date_gmt":"2025-10-13T17:46:51","guid":{"rendered":"https:\/\/stoic-curie.212-227-153-4.plesk.page\/product\/ovalni-samorezni-vijci-phillips-a4-din-7983-35x19mm-paket-12kom\/"},"modified":"2026-02-25T00:01:09","modified_gmt":"2026-02-25T00:01:09","slug":"ovalni-samorezni-vijci-phillips-a4-din-7983-35x19mm-paket-12kom","status":"publish","type":"product","link":"https:\/\/stoic-curie.212-227-153-4.plesk.page\/hr\/product\/ovalni-samorezni-vijci-phillips-a4-din-7983-35x19mm-paket-12kom\/","title":{"rendered":"Ovalni samorezni vijci Phillips A4 DIN 7983 3,5x19mm, paket 12kom"},"content":{"rendered":"<p>Ovalni samorezni vijci Phillips A4 DIN 7983 3,5x19mm, paket 12kom &#8211; <\/p>\n<p>Nehr\u0111aju\u0107i \u010delik DIN 7983 A4 \u0161arafe s ovalnom glavom i Phillips profilom. U prakti\u010dnim i elegantnim blister pakiranjima.<\/p>\n","protected":false},"excerpt":{"rendered":"<p>Ovalni samorezni vijci Phillips A4 DIN 7983 3,5x19mm, paket 12kom &#8211; Nehr\u0111aju\u0107i \u010delik DIN 7983 A4 \u0161arafe s ovalnom glavom<\/p>\n","protected":false},"featured_media":5945212,"comment_status":"closed","ping_status":"closed","template":"","meta":[],"product_brand":[3121],"product_cat":[1719],"product_tag":[],"class_list":{"0":"post-3691386","1":"product","2":"type-product","3":"status-publish","4":"has-post-thumbnail","6":"product_brand-marinetech-hr","7":"product_cat-din-7983-vijci-od-nehrdajuceg-celika","9":"first","10":"instock","11":"shipping-taxable","12":"purchasable","13":"product-type-simple"},"_links":{"self":[{"href":"https:\/\/stoic-curie.212-227-153-4.plesk.page\/hr\/wp-json\/wp\/v2\/product\/3691386","targetHints":{"allow":["GET"]}}],"collection":[{"href":"https:\/\/stoic-curie.212-227-153-4.plesk.page\/hr\/wp-json\/wp\/v2\/product"}],"about":[{"href":"https:\/\/stoic-curie.212-227-153-4.plesk.page\/hr\/wp-json\/wp\/v2\/types\/product"}],"replies":[{"embeddable":true,"href":"https:\/\/stoic-curie.212-227-153-4.plesk.page\/hr\/wp-json\/wp\/v2\/comments?post=3691386"}],"version-history":[{"count":0,"href":"https:\/\/stoic-curie.212-227-153-4.plesk.page\/hr\/wp-json\/wp\/v2\/product\/3691386\/revisions"}],"wp:featuredmedia":[{"embeddable":true,"href":"https:\/\/stoic-curie.212-227-153-4.plesk.page\/hr\/wp-json\/wp\/v2\/media\/5945212"}],"wp:attachment":[{"href":"https:\/\/stoic-curie.212-227-153-4.plesk.page\/hr\/wp-json\/wp\/v2\/media?parent=3691386"}],"wp:term":[{"taxonomy":"product_brand","embeddable":true,"href":"https:\/\/stoic-curie.212-227-153-4.plesk.page\/hr\/wp-json\/wp\/v2\/product_brand?post=3691386"},{"taxonomy":"product_cat","embeddable":true,"href":"https:\/\/stoic-curie.212-227-153-4.plesk.page\/hr\/wp-json\/wp\/v2\/product_cat?post=3691386"},{"taxonomy":"product_tag","embeddable":true,"href":"https:\/\/stoic-curie.212-227-153-4.plesk.page\/hr\/wp-json\/wp\/v2\/product_tag?post=3691386"}],"curies":[{"name":"wp","href":"https:\/\/api.w.org\/{rel}","templated":true}]}}