{"id":3691415,"date":"2025-10-13T13:46:58","date_gmt":"2025-10-13T17:46:58","guid":{"rendered":"https:\/\/stoic-curie.212-227-153-4.plesk.page\/product\/vijci-za-drvo-sa-sesterokutnom-glavom-a24-din-571-8x60mm-2kom\/"},"modified":"2026-02-25T00:01:09","modified_gmt":"2026-02-25T00:01:09","slug":"vijci-za-drvo-sa-sesterokutnom-glavom-a24-din-571-8x60mm-2kom","status":"publish","type":"product","link":"https:\/\/stoic-curie.212-227-153-4.plesk.page\/hr\/product\/vijci-za-drvo-sa-sesterokutnom-glavom-a24-din-571-8x60mm-2kom\/","title":{"rendered":"Vijci za drvo sa \u0161esterokutnom glavom A24 DIN 571 8x60mm 2kom"},"content":{"rendered":"<p>Vijci za drvo sa \u0161esterokutnom glavom A24 DIN 571 8x60mm 2kom &#8211; <\/p>\n<p>Vijke za drvo sa \u0161esterokutnom glavom DIN 571 A2 od nehr\u0111aju\u0107eg \u010delika, idealni za \u010dvrsto spajanje. U prakti\u010dnoj i elegantnoj blister ambala\u017ei.<\/p>\n","protected":false},"excerpt":{"rendered":"<p>Vijci za drvo sa \u0161esterokutnom glavom A24 DIN 571 8x60mm 2kom &#8211; Vijke za drvo sa \u0161esterokutnom glavom DIN 571<\/p>\n","protected":false},"featured_media":5945215,"comment_status":"closed","ping_status":"closed","template":"","meta":[],"product_brand":[3121],"product_cat":[1723],"product_tag":[],"class_list":{"0":"post-3691415","1":"product","2":"type-product","3":"status-publish","4":"has-post-thumbnail","6":"product_brand-marinetech-hr","7":"product_cat-din-571-vijci-od-nehrdajuceg-celika","9":"first","10":"instock","11":"shipping-taxable","12":"purchasable","13":"product-type-simple"},"_links":{"self":[{"href":"https:\/\/stoic-curie.212-227-153-4.plesk.page\/hr\/wp-json\/wp\/v2\/product\/3691415","targetHints":{"allow":["GET"]}}],"collection":[{"href":"https:\/\/stoic-curie.212-227-153-4.plesk.page\/hr\/wp-json\/wp\/v2\/product"}],"about":[{"href":"https:\/\/stoic-curie.212-227-153-4.plesk.page\/hr\/wp-json\/wp\/v2\/types\/product"}],"replies":[{"embeddable":true,"href":"https:\/\/stoic-curie.212-227-153-4.plesk.page\/hr\/wp-json\/wp\/v2\/comments?post=3691415"}],"version-history":[{"count":0,"href":"https:\/\/stoic-curie.212-227-153-4.plesk.page\/hr\/wp-json\/wp\/v2\/product\/3691415\/revisions"}],"wp:featuredmedia":[{"embeddable":true,"href":"https:\/\/stoic-curie.212-227-153-4.plesk.page\/hr\/wp-json\/wp\/v2\/media\/5945215"}],"wp:attachment":[{"href":"https:\/\/stoic-curie.212-227-153-4.plesk.page\/hr\/wp-json\/wp\/v2\/media?parent=3691415"}],"wp:term":[{"taxonomy":"product_brand","embeddable":true,"href":"https:\/\/stoic-curie.212-227-153-4.plesk.page\/hr\/wp-json\/wp\/v2\/product_brand?post=3691415"},{"taxonomy":"product_cat","embeddable":true,"href":"https:\/\/stoic-curie.212-227-153-4.plesk.page\/hr\/wp-json\/wp\/v2\/product_cat?post=3691415"},{"taxonomy":"product_tag","embeddable":true,"href":"https:\/\/stoic-curie.212-227-153-4.plesk.page\/hr\/wp-json\/wp\/v2\/product_tag?post=3691415"}],"curies":[{"name":"wp","href":"https:\/\/api.w.org\/{rel}","templated":true}]}}