{"id":3691423,"date":"2025-10-13T13:46:59","date_gmt":"2025-10-13T17:46:59","guid":{"rendered":"https:\/\/stoic-curie.212-227-153-4.plesk.page\/product\/paket-vijaka-za-ivericu-sa-upustenom-glavom-a4-din-6112-35x20mm-8kom\/"},"modified":"2026-02-25T00:01:09","modified_gmt":"2026-02-25T00:01:09","slug":"paket-vijaka-za-ivericu-sa-upustenom-glavom-a4-din-6112-35x20mm-8kom","status":"publish","type":"product","link":"https:\/\/stoic-curie.212-227-153-4.plesk.page\/hr\/product\/paket-vijaka-za-ivericu-sa-upustenom-glavom-a4-din-6112-35x20mm-8kom\/","title":{"rendered":"Paket vijaka za ivericu sa upu\u0161tenom glavom A4 DIN 6112 3,5x20mm 8kom"},"content":{"rendered":"<p>Paket vijaka za ivericu sa upu\u0161tenom glavom A4 DIN 6112 3,5x20mm 8kom &#8211; <\/p>\n<p>Vijke sa ravnom glavom Phillips od nehr\u0111aju\u0107eg \u010delika DIN 6112 A4 za ivericu. U prakti\u010dnim i elegantnim blister pakiranjima.<\/p>\n","protected":false},"excerpt":{"rendered":"<p>Paket vijaka za ivericu sa upu\u0161tenom glavom A4 DIN 6112 3,5x20mm 8kom &#8211; Vijke sa ravnom glavom Phillips od nehr\u0111aju\u0107eg<\/p>\n","protected":false},"featured_media":5945218,"comment_status":"closed","ping_status":"closed","template":"","meta":[],"product_brand":[3121],"product_cat":[1722],"product_tag":[],"class_list":{"0":"post-3691423","1":"product","2":"type-product","3":"status-publish","4":"has-post-thumbnail","6":"product_brand-marinetech-hr","7":"product_cat-din-6112-vijci-od-nehrdajuceg-celika","9":"first","10":"instock","11":"shipping-taxable","12":"purchasable","13":"product-type-simple"},"_links":{"self":[{"href":"https:\/\/stoic-curie.212-227-153-4.plesk.page\/hr\/wp-json\/wp\/v2\/product\/3691423","targetHints":{"allow":["GET"]}}],"collection":[{"href":"https:\/\/stoic-curie.212-227-153-4.plesk.page\/hr\/wp-json\/wp\/v2\/product"}],"about":[{"href":"https:\/\/stoic-curie.212-227-153-4.plesk.page\/hr\/wp-json\/wp\/v2\/types\/product"}],"replies":[{"embeddable":true,"href":"https:\/\/stoic-curie.212-227-153-4.plesk.page\/hr\/wp-json\/wp\/v2\/comments?post=3691423"}],"version-history":[{"count":0,"href":"https:\/\/stoic-curie.212-227-153-4.plesk.page\/hr\/wp-json\/wp\/v2\/product\/3691423\/revisions"}],"wp:featuredmedia":[{"embeddable":true,"href":"https:\/\/stoic-curie.212-227-153-4.plesk.page\/hr\/wp-json\/wp\/v2\/media\/5945218"}],"wp:attachment":[{"href":"https:\/\/stoic-curie.212-227-153-4.plesk.page\/hr\/wp-json\/wp\/v2\/media?parent=3691423"}],"wp:term":[{"taxonomy":"product_brand","embeddable":true,"href":"https:\/\/stoic-curie.212-227-153-4.plesk.page\/hr\/wp-json\/wp\/v2\/product_brand?post=3691423"},{"taxonomy":"product_cat","embeddable":true,"href":"https:\/\/stoic-curie.212-227-153-4.plesk.page\/hr\/wp-json\/wp\/v2\/product_cat?post=3691423"},{"taxonomy":"product_tag","embeddable":true,"href":"https:\/\/stoic-curie.212-227-153-4.plesk.page\/hr\/wp-json\/wp\/v2\/product_tag?post=3691423"}],"curies":[{"name":"wp","href":"https:\/\/api.w.org\/{rel}","templated":true}]}}