{"id":3691460,"date":"2025-10-13T13:47:06","date_gmt":"2025-10-13T17:47:06","guid":{"rendered":"https:\/\/stoic-curie.212-227-153-4.plesk.page\/product\/drzac-stapa-h240mm-o40mm-bijeli-upusteni-nosac\/"},"modified":"2026-02-25T00:01:09","modified_gmt":"2026-02-25T00:01:09","slug":"drzac-stapa-h240mm-o40mm-bijeli-upusteni-nosac","status":"publish","type":"product","link":"https:\/\/stoic-curie.212-227-153-4.plesk.page\/hr\/product\/drzac-stapa-h240mm-o40mm-bijeli-upusteni-nosac\/","title":{"rendered":"Dr\u017eac \u0161tapa h240mm \u00f840mm bijeli upu\u0161teni nosa\u010d"},"content":{"rendered":"<p>Dr\u017eac \u0161tapa h240mm \u00f840mm bijeli upu\u0161teni nosa\u010d &#8211; <\/p>\n<p>Polirana okvira od nehr\u0111aju\u0107eg \u010delika 316, ugradni dr\u017ea\u010d od plasti\u010dnog tijela za dr\u0161ku.<\/p>\n","protected":false},"excerpt":{"rendered":"<p>Dr\u017eac \u0161tapa h240mm \u00f840mm bijeli upu\u0161teni nosa\u010d &#8211; Polirana okvira od nehr\u0111aju\u0107eg \u010delika 316, ugradni dr\u017ea\u010d od plasti\u010dnog tijela za<\/p>\n","protected":false},"featured_media":5945274,"comment_status":"closed","ping_status":"closed","template":"","meta":[],"product_brand":[3491],"product_cat":[1680],"product_tag":[],"class_list":{"0":"post-3691460","1":"product","2":"type-product","3":"status-publish","4":"has-post-thumbnail","6":"product_brand-trem-hr","7":"product_cat-drzaci-stapova-za-ribolov","9":"first","10":"instock","11":"shipping-taxable","12":"purchasable","13":"product-type-simple"},"_links":{"self":[{"href":"https:\/\/stoic-curie.212-227-153-4.plesk.page\/hr\/wp-json\/wp\/v2\/product\/3691460","targetHints":{"allow":["GET"]}}],"collection":[{"href":"https:\/\/stoic-curie.212-227-153-4.plesk.page\/hr\/wp-json\/wp\/v2\/product"}],"about":[{"href":"https:\/\/stoic-curie.212-227-153-4.plesk.page\/hr\/wp-json\/wp\/v2\/types\/product"}],"replies":[{"embeddable":true,"href":"https:\/\/stoic-curie.212-227-153-4.plesk.page\/hr\/wp-json\/wp\/v2\/comments?post=3691460"}],"version-history":[{"count":0,"href":"https:\/\/stoic-curie.212-227-153-4.plesk.page\/hr\/wp-json\/wp\/v2\/product\/3691460\/revisions"}],"wp:featuredmedia":[{"embeddable":true,"href":"https:\/\/stoic-curie.212-227-153-4.plesk.page\/hr\/wp-json\/wp\/v2\/media\/5945274"}],"wp:attachment":[{"href":"https:\/\/stoic-curie.212-227-153-4.plesk.page\/hr\/wp-json\/wp\/v2\/media?parent=3691460"}],"wp:term":[{"taxonomy":"product_brand","embeddable":true,"href":"https:\/\/stoic-curie.212-227-153-4.plesk.page\/hr\/wp-json\/wp\/v2\/product_brand?post=3691460"},{"taxonomy":"product_cat","embeddable":true,"href":"https:\/\/stoic-curie.212-227-153-4.plesk.page\/hr\/wp-json\/wp\/v2\/product_cat?post=3691460"},{"taxonomy":"product_tag","embeddable":true,"href":"https:\/\/stoic-curie.212-227-153-4.plesk.page\/hr\/wp-json\/wp\/v2\/product_tag?post=3691460"}],"curies":[{"name":"wp","href":"https:\/\/api.w.org\/{rel}","templated":true}]}}