{"id":3691461,"date":"2025-10-13T13:47:06","date_gmt":"2025-10-13T17:47:06","guid":{"rendered":"https:\/\/stoic-curie.212-227-153-4.plesk.page\/product\/drzac-stapa-za-podesivi-poklopac-d40mm-nehrdajuci-celik\/"},"modified":"2026-02-25T00:01:09","modified_gmt":"2026-02-25T00:01:09","slug":"drzac-stapa-za-podesivi-poklopac-d40mm-nehrdajuci-celik","status":"publish","type":"product","link":"https:\/\/stoic-curie.212-227-153-4.plesk.page\/hr\/product\/drzac-stapa-za-podesivi-poklopac-d40mm-nehrdajuci-celik\/","title":{"rendered":"Dr\u017eac \u0161tapa za podesivi poklopac D40mm nehr\u0111ajuci \u010delik"},"content":{"rendered":"<p>Dr\u017eac \u0161tapa za podesivi poklopac D40mm nehr\u0111ajuci \u010delik &#8211; <\/p>\n<p>Prilagodivi dr\u017ea\u010d \u0161tapova od nehr\u0111aju\u0107eg \u010delika s gumenom podlo\u017enom i ravnom bazom.<\/p>\n","protected":false},"excerpt":{"rendered":"<p>Dr\u017eac \u0161tapa za podesivi poklopac D40mm nehr\u0111ajuci \u010delik &#8211; Prilagodivi dr\u017ea\u010d \u0161tapova od nehr\u0111aju\u0107eg \u010delika s gumenom podlo\u017enom i ravnom<\/p>\n","protected":false},"featured_media":5945276,"comment_status":"closed","ping_status":"closed","template":"","meta":[],"product_brand":[3236],"product_cat":[1680],"product_tag":[],"class_list":{"0":"post-3691461","1":"product","2":"type-product","3":"status-publish","4":"has-post-thumbnail","6":"product_brand-osculati-hr","7":"product_cat-drzaci-stapova-za-ribolov","9":"first","10":"instock","11":"shipping-taxable","12":"purchasable","13":"product-type-simple"},"_links":{"self":[{"href":"https:\/\/stoic-curie.212-227-153-4.plesk.page\/hr\/wp-json\/wp\/v2\/product\/3691461","targetHints":{"allow":["GET"]}}],"collection":[{"href":"https:\/\/stoic-curie.212-227-153-4.plesk.page\/hr\/wp-json\/wp\/v2\/product"}],"about":[{"href":"https:\/\/stoic-curie.212-227-153-4.plesk.page\/hr\/wp-json\/wp\/v2\/types\/product"}],"replies":[{"embeddable":true,"href":"https:\/\/stoic-curie.212-227-153-4.plesk.page\/hr\/wp-json\/wp\/v2\/comments?post=3691461"}],"version-history":[{"count":0,"href":"https:\/\/stoic-curie.212-227-153-4.plesk.page\/hr\/wp-json\/wp\/v2\/product\/3691461\/revisions"}],"wp:featuredmedia":[{"embeddable":true,"href":"https:\/\/stoic-curie.212-227-153-4.plesk.page\/hr\/wp-json\/wp\/v2\/media\/5945276"}],"wp:attachment":[{"href":"https:\/\/stoic-curie.212-227-153-4.plesk.page\/hr\/wp-json\/wp\/v2\/media?parent=3691461"}],"wp:term":[{"taxonomy":"product_brand","embeddable":true,"href":"https:\/\/stoic-curie.212-227-153-4.plesk.page\/hr\/wp-json\/wp\/v2\/product_brand?post=3691461"},{"taxonomy":"product_cat","embeddable":true,"href":"https:\/\/stoic-curie.212-227-153-4.plesk.page\/hr\/wp-json\/wp\/v2\/product_cat?post=3691461"},{"taxonomy":"product_tag","embeddable":true,"href":"https:\/\/stoic-curie.212-227-153-4.plesk.page\/hr\/wp-json\/wp\/v2\/product_tag?post=3691461"}],"curies":[{"name":"wp","href":"https:\/\/api.w.org\/{rel}","templated":true}]}}