{"id":3691464,"date":"2025-10-13T13:47:07","date_gmt":"2025-10-13T17:47:07","guid":{"rendered":"https:\/\/stoic-curie.212-227-153-4.plesk.page\/product\/brodsko-sjedalo-pro-lijevano-bijelo-280-x-381-x-h127-mm\/"},"modified":"2026-02-25T00:01:09","modified_gmt":"2026-02-25T00:01:09","slug":"brodsko-sjedalo-pro-lijevano-bijelo-280-x-381-x-h127-mm","status":"publish","type":"product","link":"https:\/\/stoic-curie.212-227-153-4.plesk.page\/hr\/product\/brodsko-sjedalo-pro-lijevano-bijelo-280-x-381-x-h127-mm\/","title":{"rendered":"Brodsko sjedalo Pro lijevano bijelo 280 x 381 x h127 mm"},"content":{"rendered":"<p>Brodsko sjedalo Pro lijevano bijelo 280 x 381 x h127 mm &#8211; <\/p>\n<p>Presvu\u010deno sjedalo s otpornim Skay pokrovom morskog kvaliteta, udoban dizajn i rub naslona. Plasti\u010dna osnova oblikovana prema veli\u010dini sjedala. Idealno kao stolica, kao podr\u0161ka za vo\u017enju i ribolov ili kao sjede\u0107i kutak.<\/p>\n","protected":false},"excerpt":{"rendered":"<p>Brodsko sjedalo Pro lijevano bijelo 280 x 381 x h127 mm &#8211; Presvu\u010deno sjedalo s otpornim Skay pokrovom morskog kvaliteta,<\/p>\n","protected":false},"featured_media":5945309,"comment_status":"closed","ping_status":"closed","template":"","meta":[],"product_brand":[2966],"product_cat":[1678],"product_tag":[],"class_list":{"0":"post-3691464","1":"product","2":"type-product","3":"status-publish","4":"has-post-thumbnail","6":"product_brand-garelick-hr","7":"product_cat-brodska-sjedala","9":"first","10":"instock","11":"shipping-taxable","12":"purchasable","13":"product-type-simple"},"_links":{"self":[{"href":"https:\/\/stoic-curie.212-227-153-4.plesk.page\/hr\/wp-json\/wp\/v2\/product\/3691464","targetHints":{"allow":["GET"]}}],"collection":[{"href":"https:\/\/stoic-curie.212-227-153-4.plesk.page\/hr\/wp-json\/wp\/v2\/product"}],"about":[{"href":"https:\/\/stoic-curie.212-227-153-4.plesk.page\/hr\/wp-json\/wp\/v2\/types\/product"}],"replies":[{"embeddable":true,"href":"https:\/\/stoic-curie.212-227-153-4.plesk.page\/hr\/wp-json\/wp\/v2\/comments?post=3691464"}],"version-history":[{"count":0,"href":"https:\/\/stoic-curie.212-227-153-4.plesk.page\/hr\/wp-json\/wp\/v2\/product\/3691464\/revisions"}],"wp:featuredmedia":[{"embeddable":true,"href":"https:\/\/stoic-curie.212-227-153-4.plesk.page\/hr\/wp-json\/wp\/v2\/media\/5945309"}],"wp:attachment":[{"href":"https:\/\/stoic-curie.212-227-153-4.plesk.page\/hr\/wp-json\/wp\/v2\/media?parent=3691464"}],"wp:term":[{"taxonomy":"product_brand","embeddable":true,"href":"https:\/\/stoic-curie.212-227-153-4.plesk.page\/hr\/wp-json\/wp\/v2\/product_brand?post=3691464"},{"taxonomy":"product_cat","embeddable":true,"href":"https:\/\/stoic-curie.212-227-153-4.plesk.page\/hr\/wp-json\/wp\/v2\/product_cat?post=3691464"},{"taxonomy":"product_tag","embeddable":true,"href":"https:\/\/stoic-curie.212-227-153-4.plesk.page\/hr\/wp-json\/wp\/v2\/product_tag?post=3691464"}],"curies":[{"name":"wp","href":"https:\/\/api.w.org\/{rel}","templated":true}]}}