{"id":3691467,"date":"2025-10-13T13:47:08","date_gmt":"2025-10-13T17:47:08","guid":{"rendered":"https:\/\/stoic-curie.212-227-153-4.plesk.page\/product\/brodsko-sjedalo-eltex-basic-grey-476-x-482-x-406-mm\/"},"modified":"2026-02-25T00:01:09","modified_gmt":"2026-02-25T00:01:09","slug":"brodsko-sjedalo-eltex-basic-grey-476-x-482-x-406-mm","status":"publish","type":"product","link":"https:\/\/stoic-curie.212-227-153-4.plesk.page\/hr\/product\/brodsko-sjedalo-eltex-basic-grey-476-x-482-x-406-mm\/","title":{"rendered":"Brodsko sjedalo Eltex Basic Grey 476 x 482 x 406 mm"},"content":{"rendered":"<p>Brodsko sjedalo Eltex Basic Grey 476 x 482 x 406 mm &#8211; <\/p>\n<p>\u010cvrsto plasti\u010dno oblikovano sjedalo. Izdr\u017eljivo i sna\u017eno, potpuno bez potrebe za odr\u017eavanjem.<\/p>\n","protected":false},"excerpt":{"rendered":"<p>Brodsko sjedalo Eltex Basic Grey 476 x 482 x 406 mm &#8211; \u010cvrsto plasti\u010dno oblikovano sjedalo. Izdr\u017eljivo i sna\u017eno, potpuno<\/p>\n","protected":false},"featured_media":5945316,"comment_status":"closed","ping_status":"closed","template":"","meta":[],"product_brand":[2966],"product_cat":[1678],"product_tag":[],"class_list":{"0":"post-3691467","1":"product","2":"type-product","3":"status-publish","4":"has-post-thumbnail","6":"product_brand-garelick-hr","7":"product_cat-brodska-sjedala","9":"first","10":"instock","11":"shipping-taxable","12":"purchasable","13":"product-type-simple"},"_links":{"self":[{"href":"https:\/\/stoic-curie.212-227-153-4.plesk.page\/hr\/wp-json\/wp\/v2\/product\/3691467","targetHints":{"allow":["GET"]}}],"collection":[{"href":"https:\/\/stoic-curie.212-227-153-4.plesk.page\/hr\/wp-json\/wp\/v2\/product"}],"about":[{"href":"https:\/\/stoic-curie.212-227-153-4.plesk.page\/hr\/wp-json\/wp\/v2\/types\/product"}],"replies":[{"embeddable":true,"href":"https:\/\/stoic-curie.212-227-153-4.plesk.page\/hr\/wp-json\/wp\/v2\/comments?post=3691467"}],"version-history":[{"count":0,"href":"https:\/\/stoic-curie.212-227-153-4.plesk.page\/hr\/wp-json\/wp\/v2\/product\/3691467\/revisions"}],"wp:featuredmedia":[{"embeddable":true,"href":"https:\/\/stoic-curie.212-227-153-4.plesk.page\/hr\/wp-json\/wp\/v2\/media\/5945316"}],"wp:attachment":[{"href":"https:\/\/stoic-curie.212-227-153-4.plesk.page\/hr\/wp-json\/wp\/v2\/media?parent=3691467"}],"wp:term":[{"taxonomy":"product_brand","embeddable":true,"href":"https:\/\/stoic-curie.212-227-153-4.plesk.page\/hr\/wp-json\/wp\/v2\/product_brand?post=3691467"},{"taxonomy":"product_cat","embeddable":true,"href":"https:\/\/stoic-curie.212-227-153-4.plesk.page\/hr\/wp-json\/wp\/v2\/product_cat?post=3691467"},{"taxonomy":"product_tag","embeddable":true,"href":"https:\/\/stoic-curie.212-227-153-4.plesk.page\/hr\/wp-json\/wp\/v2\/product_tag?post=3691467"}],"curies":[{"name":"wp","href":"https:\/\/api.w.org\/{rel}","templated":true}]}}