{"id":3691475,"date":"2025-10-13T13:47:10","date_gmt":"2025-10-13T17:47:10","guid":{"rendered":"https:\/\/stoic-curie.212-227-153-4.plesk.page\/product\/plinska-opruga-l525-hod-220-opterecenje-30-kg-nehrdajuci-celik\/"},"modified":"2026-02-25T00:01:09","modified_gmt":"2026-02-25T00:01:09","slug":"plinska-opruga-l525-hod-220-opterecenje-30-kg-nehrdajuci-celik","status":"publish","type":"product","link":"https:\/\/stoic-curie.212-227-153-4.plesk.page\/hr\/product\/plinska-opruga-l525-hod-220-opterecenje-30-kg-nehrdajuci-celik\/","title":{"rendered":"Plinska opruga L525 hod 220 opterecenje 30 kg nehr\u0111aju\u0107i \u010delik"},"content":{"rendered":"<p>Plinska opruga L525 hod 220 opterecenje 30 kg nehr\u0111aju\u0107i \u010delik &#8211; <\/p>\n<p>Plinskie opruge od 316 nehr\u0111aju\u0107eg \u010delika s osovinom i tijelom, posebno dizajnirane za lagano i jednostavno otvaranje vrata i motornog prostora.<\/p>\n","protected":false},"excerpt":{"rendered":"<p>Plinska opruga L525 hod 220 opterecenje 30 kg nehr\u0111aju\u0107i \u010delik &#8211; Plinskie opruge od 316 nehr\u0111aju\u0107eg \u010delika s osovinom i<\/p>\n","protected":false},"featured_media":5945332,"comment_status":"closed","ping_status":"closed","template":"","meta":[],"product_brand":[3236],"product_cat":[1688],"product_tag":[],"class_list":{"0":"post-3691475","1":"product","2":"type-product","3":"status-publish","4":"has-post-thumbnail","6":"product_brand-osculati-hr","7":"product_cat-plinske-opruge-za-poklopce","9":"first","10":"instock","11":"shipping-taxable","12":"purchasable","13":"product-type-simple"},"_links":{"self":[{"href":"https:\/\/stoic-curie.212-227-153-4.plesk.page\/hr\/wp-json\/wp\/v2\/product\/3691475","targetHints":{"allow":["GET"]}}],"collection":[{"href":"https:\/\/stoic-curie.212-227-153-4.plesk.page\/hr\/wp-json\/wp\/v2\/product"}],"about":[{"href":"https:\/\/stoic-curie.212-227-153-4.plesk.page\/hr\/wp-json\/wp\/v2\/types\/product"}],"replies":[{"embeddable":true,"href":"https:\/\/stoic-curie.212-227-153-4.plesk.page\/hr\/wp-json\/wp\/v2\/comments?post=3691475"}],"version-history":[{"count":0,"href":"https:\/\/stoic-curie.212-227-153-4.plesk.page\/hr\/wp-json\/wp\/v2\/product\/3691475\/revisions"}],"wp:featuredmedia":[{"embeddable":true,"href":"https:\/\/stoic-curie.212-227-153-4.plesk.page\/hr\/wp-json\/wp\/v2\/media\/5945332"}],"wp:attachment":[{"href":"https:\/\/stoic-curie.212-227-153-4.plesk.page\/hr\/wp-json\/wp\/v2\/media?parent=3691475"}],"wp:term":[{"taxonomy":"product_brand","embeddable":true,"href":"https:\/\/stoic-curie.212-227-153-4.plesk.page\/hr\/wp-json\/wp\/v2\/product_brand?post=3691475"},{"taxonomy":"product_cat","embeddable":true,"href":"https:\/\/stoic-curie.212-227-153-4.plesk.page\/hr\/wp-json\/wp\/v2\/product_cat?post=3691475"},{"taxonomy":"product_tag","embeddable":true,"href":"https:\/\/stoic-curie.212-227-153-4.plesk.page\/hr\/wp-json\/wp\/v2\/product_tag?post=3691475"}],"curies":[{"name":"wp","href":"https:\/\/api.w.org\/{rel}","templated":true}]}}