{"id":3691483,"date":"2025-10-13T13:47:14","date_gmt":"2025-10-13T17:47:14","guid":{"rendered":"https:\/\/stoic-curie.212-227-153-4.plesk.page\/product\/rezervne-sarke-tecma-t-630-f\/"},"modified":"2026-02-25T00:01:09","modified_gmt":"2026-02-25T00:01:09","slug":"rezervne-sarke-tecma-t-630-f","status":"publish","type":"product","link":"https:\/\/stoic-curie.212-227-153-4.plesk.page\/hr\/product\/rezervne-sarke-tecma-t-630-f\/","title":{"rendered":"Rezervne \u0161arke Tecma T-630\/F"},"content":{"rendered":"<p>Rezervne \u0161arke Tecma T-630\/F &#8211; <\/p>\n<p>Dizajn (Breeze) i Flexi (Silence, Elegance) serije toaletskih sjedala i \u0161arki. PE: Klasi\u010dno i robusno plasti\u010dno sjedalo s vidljivim poklopcem i sjedalom. TE: Moderno i lagano sjedalo od termosetnog materijala s poklopcem koji skriva sjedalo. Tiho zatvaranje: \u0161arke s sustavom prigu\u0161enja kako bi se izbjegla o\u0161te\u0107enja i buka.<\/p>\n","protected":false},"excerpt":{"rendered":"<p>Rezervne \u0161arke Tecma T-630\/F &#8211; Dizajn (Breeze) i Flexi (Silence, Elegance) serije toaletskih sjedala i \u0161arki. PE: Klasi\u010dno i robusno<\/p>\n","protected":false},"featured_media":5943818,"comment_status":"closed","ping_status":"closed","template":"","meta":[],"product_brand":[3471],"product_cat":[1675],"product_tag":[],"class_list":{"0":"post-3691483","1":"product","2":"type-product","3":"status-publish","4":"has-post-thumbnail","6":"product_brand-tecma-hr","7":"product_cat-brodski-wc","9":"first","10":"instock","11":"shipping-taxable","12":"purchasable","13":"product-type-simple"},"_links":{"self":[{"href":"https:\/\/stoic-curie.212-227-153-4.plesk.page\/hr\/wp-json\/wp\/v2\/product\/3691483","targetHints":{"allow":["GET"]}}],"collection":[{"href":"https:\/\/stoic-curie.212-227-153-4.plesk.page\/hr\/wp-json\/wp\/v2\/product"}],"about":[{"href":"https:\/\/stoic-curie.212-227-153-4.plesk.page\/hr\/wp-json\/wp\/v2\/types\/product"}],"replies":[{"embeddable":true,"href":"https:\/\/stoic-curie.212-227-153-4.plesk.page\/hr\/wp-json\/wp\/v2\/comments?post=3691483"}],"version-history":[{"count":0,"href":"https:\/\/stoic-curie.212-227-153-4.plesk.page\/hr\/wp-json\/wp\/v2\/product\/3691483\/revisions"}],"wp:featuredmedia":[{"embeddable":true,"href":"https:\/\/stoic-curie.212-227-153-4.plesk.page\/hr\/wp-json\/wp\/v2\/media\/5943818"}],"wp:attachment":[{"href":"https:\/\/stoic-curie.212-227-153-4.plesk.page\/hr\/wp-json\/wp\/v2\/media?parent=3691483"}],"wp:term":[{"taxonomy":"product_brand","embeddable":true,"href":"https:\/\/stoic-curie.212-227-153-4.plesk.page\/hr\/wp-json\/wp\/v2\/product_brand?post=3691483"},{"taxonomy":"product_cat","embeddable":true,"href":"https:\/\/stoic-curie.212-227-153-4.plesk.page\/hr\/wp-json\/wp\/v2\/product_cat?post=3691483"},{"taxonomy":"product_tag","embeddable":true,"href":"https:\/\/stoic-curie.212-227-153-4.plesk.page\/hr\/wp-json\/wp\/v2\/product_tag?post=3691483"}],"curies":[{"name":"wp","href":"https:\/\/api.w.org\/{rel}","templated":true}]}}