{"id":3691485,"date":"2025-10-13T13:47:15","date_gmt":"2025-10-13T17:47:15","guid":{"rendered":"https:\/\/stoic-curie.212-227-153-4.plesk.page\/product\/ventil-sifona-johnson-19mm\/"},"modified":"2026-02-25T00:01:10","modified_gmt":"2026-02-25T00:01:10","slug":"ventil-sifona-johnson-19mm","status":"publish","type":"product","link":"https:\/\/stoic-curie.212-227-153-4.plesk.page\/hr\/product\/ventil-sifona-johnson-19mm\/","title":{"rendered":"Ventil sifona Johnson 19mm"},"content":{"rendered":"<p>Ventil sifona Johnson 19mm &#8211; <\/p>\n<p>Ventilirana petlja dostupna je u 3 razli\u010dite veli\u010dine. S oblikom obrnutog U i ventilom na vrhu, omogu\u0107uje bijeg zraka. Ventilirane petlje spre\u010davaju povratno usisavanje i nalaze se u odvodnim cijevima toaleta ili u sustavima koji su montirani ispod razine vode.<\/p>\n","protected":false},"excerpt":{"rendered":"<p>Ventil sifona Johnson 19mm &#8211; Ventilirana petlja dostupna je u 3 razli\u010dite veli\u010dine. S oblikom obrnutog U i ventilom na<\/p>\n","protected":false},"featured_media":5945402,"comment_status":"closed","ping_status":"closed","template":"","meta":[],"product_brand":[3046],"product_cat":[1670,1661,1649],"product_tag":[],"class_list":{"0":"post-3691485","1":"product","2":"type-product","3":"status-publish","4":"has-post-thumbnail","6":"product_brand-johnson-marine-hr","7":"product_cat-brodski-ventili","8":"product_cat-elementi-brodskog-vovovoda-plastika","9":"product_cat-spremnici-za-otpadne-vode","11":"first","12":"instock","13":"shipping-taxable","14":"purchasable","15":"product-type-simple"},"_links":{"self":[{"href":"https:\/\/stoic-curie.212-227-153-4.plesk.page\/hr\/wp-json\/wp\/v2\/product\/3691485","targetHints":{"allow":["GET"]}}],"collection":[{"href":"https:\/\/stoic-curie.212-227-153-4.plesk.page\/hr\/wp-json\/wp\/v2\/product"}],"about":[{"href":"https:\/\/stoic-curie.212-227-153-4.plesk.page\/hr\/wp-json\/wp\/v2\/types\/product"}],"replies":[{"embeddable":true,"href":"https:\/\/stoic-curie.212-227-153-4.plesk.page\/hr\/wp-json\/wp\/v2\/comments?post=3691485"}],"version-history":[{"count":0,"href":"https:\/\/stoic-curie.212-227-153-4.plesk.page\/hr\/wp-json\/wp\/v2\/product\/3691485\/revisions"}],"wp:featuredmedia":[{"embeddable":true,"href":"https:\/\/stoic-curie.212-227-153-4.plesk.page\/hr\/wp-json\/wp\/v2\/media\/5945402"}],"wp:attachment":[{"href":"https:\/\/stoic-curie.212-227-153-4.plesk.page\/hr\/wp-json\/wp\/v2\/media?parent=3691485"}],"wp:term":[{"taxonomy":"product_brand","embeddable":true,"href":"https:\/\/stoic-curie.212-227-153-4.plesk.page\/hr\/wp-json\/wp\/v2\/product_brand?post=3691485"},{"taxonomy":"product_cat","embeddable":true,"href":"https:\/\/stoic-curie.212-227-153-4.plesk.page\/hr\/wp-json\/wp\/v2\/product_cat?post=3691485"},{"taxonomy":"product_tag","embeddable":true,"href":"https:\/\/stoic-curie.212-227-153-4.plesk.page\/hr\/wp-json\/wp\/v2\/product_tag?post=3691485"}],"curies":[{"name":"wp","href":"https:\/\/api.w.org\/{rel}","templated":true}]}}