{"id":3691491,"date":"2025-10-13T13:47:16","date_gmt":"2025-10-13T17:47:16","guid":{"rendered":"https:\/\/stoic-curie.212-227-153-4.plesk.page\/product\/filtar-za-vodu-vetus-za-25-30-38-mm\/"},"modified":"2026-02-25T00:01:10","modified_gmt":"2026-02-25T00:01:10","slug":"filtar-za-vodu-vetus-za-25-30-38-mm","status":"publish","type":"product","link":"https:\/\/stoic-curie.212-227-153-4.plesk.page\/hr\/product\/filtar-za-vodu-vetus-za-25-30-38-mm\/","title":{"rendered":"Filtar za vodu SEAFLO za 25-30-38 mm"},"content":{"rendered":"<p>Filtar za vodu SEAFLO za 25-30-38 mm &#8211; <\/p>\n<p>Filter za morsku vodu od polykarbonata za pumpe i hla\u0111enje motora. Podesivi izlazni priklju\u010dci koji se mogu odrezati na potrebni promjer. Uvijek uklonite vi\u0161ak dijela kako biste izbjegli pritisak koji bi mogao o\u0161tetiti filter i uzrokovati curenje vode.<\/p>\n","protected":false},"excerpt":{"rendered":"<p>Filtar za vodu SEAFLO za 25-30-38 mm &#8211; Filter za morsku vodu od polykarbonata za pumpe i hla\u0111enje motora. Podesivi<\/p>\n","protected":false},"featured_media":5945406,"comment_status":"closed","ping_status":"closed","template":"","meta":[],"product_brand":[3356],"product_cat":[1814],"product_tag":[],"class_list":{"0":"post-3691491","1":"product","2":"type-product","3":"status-publish","4":"has-post-thumbnail","6":"product_brand-seaflow-hr","7":"product_cat-filtri-morske-vode","9":"first","10":"outofstock","11":"shipping-taxable","12":"purchasable","13":"product-type-simple"},"_links":{"self":[{"href":"https:\/\/stoic-curie.212-227-153-4.plesk.page\/hr\/wp-json\/wp\/v2\/product\/3691491","targetHints":{"allow":["GET"]}}],"collection":[{"href":"https:\/\/stoic-curie.212-227-153-4.plesk.page\/hr\/wp-json\/wp\/v2\/product"}],"about":[{"href":"https:\/\/stoic-curie.212-227-153-4.plesk.page\/hr\/wp-json\/wp\/v2\/types\/product"}],"replies":[{"embeddable":true,"href":"https:\/\/stoic-curie.212-227-153-4.plesk.page\/hr\/wp-json\/wp\/v2\/comments?post=3691491"}],"version-history":[{"count":0,"href":"https:\/\/stoic-curie.212-227-153-4.plesk.page\/hr\/wp-json\/wp\/v2\/product\/3691491\/revisions"}],"wp:featuredmedia":[{"embeddable":true,"href":"https:\/\/stoic-curie.212-227-153-4.plesk.page\/hr\/wp-json\/wp\/v2\/media\/5945406"}],"wp:attachment":[{"href":"https:\/\/stoic-curie.212-227-153-4.plesk.page\/hr\/wp-json\/wp\/v2\/media?parent=3691491"}],"wp:term":[{"taxonomy":"product_brand","embeddable":true,"href":"https:\/\/stoic-curie.212-227-153-4.plesk.page\/hr\/wp-json\/wp\/v2\/product_brand?post=3691491"},{"taxonomy":"product_cat","embeddable":true,"href":"https:\/\/stoic-curie.212-227-153-4.plesk.page\/hr\/wp-json\/wp\/v2\/product_cat?post=3691491"},{"taxonomy":"product_tag","embeddable":true,"href":"https:\/\/stoic-curie.212-227-153-4.plesk.page\/hr\/wp-json\/wp\/v2\/product_tag?post=3691491"}],"curies":[{"name":"wp","href":"https:\/\/api.w.org\/{rel}","templated":true}]}}