{"id":3691525,"date":"2025-10-13T13:47:27","date_gmt":"2025-10-13T17:47:27","guid":{"rendered":"https:\/\/stoic-curie.212-227-153-4.plesk.page\/product\/marinco-50amp-elektricni-kabel\/"},"modified":"2026-02-25T00:01:10","modified_gmt":"2026-02-25T00:01:10","slug":"marinco-50amp-elektricni-kabel","status":"publish","type":"product","link":"https:\/\/stoic-curie.212-227-153-4.plesk.page\/hr\/product\/marinco-50amp-elektricni-kabel\/","title":{"rendered":"Marinco 50amp elektricni kabel"},"content":{"rendered":"<p>Marinco 50amp elektricni kabel &#8211; <\/p>\n<p>CE certificirani pomorski elektri\u010dni kabel za priklju\u010dke i uti\u010dnice. PVC-om prekriven i izoliran klasa 5 IEC60228 pocin\u010dan crvenim bakrom za maksimalnu za\u0161titu od korozije i elektrolize. Superiorna fleksibilnost izolacijske ovojnice izra\u0111ene od specijalne nitrilne gume PVC, otporne na morsku vodu, IEC60332-1 certificirana kao protivpo\u017earna i otporna na ulje.<\/p>\n","protected":false},"excerpt":{"rendered":"<p>Marinco 50amp elektricni kabel &#8211; CE certificirani pomorski elektri\u010dni kabel za priklju\u010dke i uti\u010dnice. PVC-om prekriven i izoliran klasa 5<\/p>\n","protected":false},"featured_media":5945466,"comment_status":"closed","ping_status":"closed","template":"","meta":[],"product_brand":[3106],"product_cat":[1750],"product_tag":[],"class_list":{"0":"post-3691525","1":"product","2":"type-product","3":"status-publish","4":"has-post-thumbnail","6":"product_brand-marinco-hr","7":"product_cat-marinco-utikaci","9":"first","10":"instock","11":"shipping-taxable","12":"purchasable","13":"product-type-simple"},"_links":{"self":[{"href":"https:\/\/stoic-curie.212-227-153-4.plesk.page\/hr\/wp-json\/wp\/v2\/product\/3691525","targetHints":{"allow":["GET"]}}],"collection":[{"href":"https:\/\/stoic-curie.212-227-153-4.plesk.page\/hr\/wp-json\/wp\/v2\/product"}],"about":[{"href":"https:\/\/stoic-curie.212-227-153-4.plesk.page\/hr\/wp-json\/wp\/v2\/types\/product"}],"replies":[{"embeddable":true,"href":"https:\/\/stoic-curie.212-227-153-4.plesk.page\/hr\/wp-json\/wp\/v2\/comments?post=3691525"}],"version-history":[{"count":0,"href":"https:\/\/stoic-curie.212-227-153-4.plesk.page\/hr\/wp-json\/wp\/v2\/product\/3691525\/revisions"}],"wp:featuredmedia":[{"embeddable":true,"href":"https:\/\/stoic-curie.212-227-153-4.plesk.page\/hr\/wp-json\/wp\/v2\/media\/5945466"}],"wp:attachment":[{"href":"https:\/\/stoic-curie.212-227-153-4.plesk.page\/hr\/wp-json\/wp\/v2\/media?parent=3691525"}],"wp:term":[{"taxonomy":"product_brand","embeddable":true,"href":"https:\/\/stoic-curie.212-227-153-4.plesk.page\/hr\/wp-json\/wp\/v2\/product_brand?post=3691525"},{"taxonomy":"product_cat","embeddable":true,"href":"https:\/\/stoic-curie.212-227-153-4.plesk.page\/hr\/wp-json\/wp\/v2\/product_cat?post=3691525"},{"taxonomy":"product_tag","embeddable":true,"href":"https:\/\/stoic-curie.212-227-153-4.plesk.page\/hr\/wp-json\/wp\/v2\/product_tag?post=3691525"}],"curies":[{"name":"wp","href":"https:\/\/api.w.org\/{rel}","templated":true}]}}