{"id":3691533,"date":"2025-10-13T13:47:29","date_gmt":"2025-10-13T17:47:29","guid":{"rendered":"https:\/\/stoic-curie.212-227-153-4.plesk.page\/product\/magnetski-osigurac-prekidac-aa-520-5amper\/"},"modified":"2026-02-25T00:01:10","modified_gmt":"2026-02-25T00:01:10","slug":"magnetski-osigurac-prekidac-aa-520-5amper","status":"publish","type":"product","link":"https:\/\/stoic-curie.212-227-153-4.plesk.page\/hr\/product\/magnetski-osigurac-prekidac-aa-520-5amper\/","title":{"rendered":"Magnetski osigura\u010d\/prekida\u010d Aa 520 5amper"},"content":{"rendered":"<p>Magnetski osigura\u010d\/prekida\u010d Aa 520 5amper &#8211; <\/p>\n<p>Ponovno umetnuti magnetski prekida\u010d. U slu\u010daju kratkog spoja ili visokih optere\u0107enja prekida struju. Smanjene dimenzije za instalaciju na upravlja\u010dkim plo\u010dama i razvodnim kutijama s ograni\u010denim prostorom.<\/p>\n","protected":false},"excerpt":{"rendered":"<p>Magnetski osigura\u010d\/prekida\u010d Aa 520 5amper &#8211; Ponovno umetnuti magnetski prekida\u010d. U slu\u010daju kratkog spoja ili visokih optere\u0107enja prekida struju. Smanjene<\/p>\n","protected":false},"featured_media":5945470,"comment_status":"closed","ping_status":"closed","template":"","meta":[],"product_brand":[2831],"product_cat":[1748],"product_tag":[],"class_list":{"0":"post-3691533","1":"product","2":"type-product","3":"status-publish","4":"has-post-thumbnail","6":"product_brand-blue-sea-systems-hr","7":"product_cat-prekidaci-i-releji","9":"first","10":"instock","11":"shipping-taxable","12":"purchasable","13":"product-type-simple"},"_links":{"self":[{"href":"https:\/\/stoic-curie.212-227-153-4.plesk.page\/hr\/wp-json\/wp\/v2\/product\/3691533","targetHints":{"allow":["GET"]}}],"collection":[{"href":"https:\/\/stoic-curie.212-227-153-4.plesk.page\/hr\/wp-json\/wp\/v2\/product"}],"about":[{"href":"https:\/\/stoic-curie.212-227-153-4.plesk.page\/hr\/wp-json\/wp\/v2\/types\/product"}],"replies":[{"embeddable":true,"href":"https:\/\/stoic-curie.212-227-153-4.plesk.page\/hr\/wp-json\/wp\/v2\/comments?post=3691533"}],"version-history":[{"count":0,"href":"https:\/\/stoic-curie.212-227-153-4.plesk.page\/hr\/wp-json\/wp\/v2\/product\/3691533\/revisions"}],"wp:featuredmedia":[{"embeddable":true,"href":"https:\/\/stoic-curie.212-227-153-4.plesk.page\/hr\/wp-json\/wp\/v2\/media\/5945470"}],"wp:attachment":[{"href":"https:\/\/stoic-curie.212-227-153-4.plesk.page\/hr\/wp-json\/wp\/v2\/media?parent=3691533"}],"wp:term":[{"taxonomy":"product_brand","embeddable":true,"href":"https:\/\/stoic-curie.212-227-153-4.plesk.page\/hr\/wp-json\/wp\/v2\/product_brand?post=3691533"},{"taxonomy":"product_cat","embeddable":true,"href":"https:\/\/stoic-curie.212-227-153-4.plesk.page\/hr\/wp-json\/wp\/v2\/product_cat?post=3691533"},{"taxonomy":"product_tag","embeddable":true,"href":"https:\/\/stoic-curie.212-227-153-4.plesk.page\/hr\/wp-json\/wp\/v2\/product_tag?post=3691533"}],"curies":[{"name":"wp","href":"https:\/\/api.w.org\/{rel}","templated":true}]}}