{"id":3691538,"date":"2025-10-13T13:47:31","date_gmt":"2025-10-13T17:47:31","guid":{"rendered":"https:\/\/stoic-curie.212-227-153-4.plesk.page\/product\/led-festoon-zarulja-12v-42mm-2\/"},"modified":"2026-02-25T00:01:10","modified_gmt":"2026-02-25T00:01:10","slug":"led-festoon-zarulja-12v-42mm-2","status":"publish","type":"product","link":"https:\/\/stoic-curie.212-227-153-4.plesk.page\/hr\/product\/led-festoon-zarulja-12v-42mm-2\/","title":{"rendered":"LED Festoon \u017earulja 12v 42mm"},"content":{"rendered":"<p>LED Festoon \u017earulja 12v 42mm &#8211; <\/p>\n<p>Klasik LED festoonska \u017earulja s prozirnim pokrovom. Smanjena potro\u0161nja i dug \u017eivotni vijek. Topla bijela boja svjetlosti 3000 K\u00c2\u00b0.<\/p>\n","protected":false},"excerpt":{"rendered":"<p>LED Festoon \u017earulja 12v 42mm &#8211; Klasik LED festoonska \u017earulja s prozirnim pokrovom. Smanjena potro\u0161nja i dug \u017eivotni vijek. Topla<\/p>\n","protected":false},"featured_media":5945475,"comment_status":"closed","ping_status":"closed","template":"","meta":[],"product_brand":[3221],"product_cat":[1736,1739],"product_tag":[],"class_list":{"0":"post-3691538","1":"product","2":"type-product","3":"status-publish","4":"has-post-thumbnail","6":"product_brand-oceanled-hr","7":"product_cat-led-navigacijska-svjetla","8":"product_cat-rasvjeta","10":"first","11":"instock","12":"shipping-taxable","13":"purchasable","14":"product-type-simple"},"_links":{"self":[{"href":"https:\/\/stoic-curie.212-227-153-4.plesk.page\/hr\/wp-json\/wp\/v2\/product\/3691538","targetHints":{"allow":["GET"]}}],"collection":[{"href":"https:\/\/stoic-curie.212-227-153-4.plesk.page\/hr\/wp-json\/wp\/v2\/product"}],"about":[{"href":"https:\/\/stoic-curie.212-227-153-4.plesk.page\/hr\/wp-json\/wp\/v2\/types\/product"}],"replies":[{"embeddable":true,"href":"https:\/\/stoic-curie.212-227-153-4.plesk.page\/hr\/wp-json\/wp\/v2\/comments?post=3691538"}],"version-history":[{"count":0,"href":"https:\/\/stoic-curie.212-227-153-4.plesk.page\/hr\/wp-json\/wp\/v2\/product\/3691538\/revisions"}],"wp:featuredmedia":[{"embeddable":true,"href":"https:\/\/stoic-curie.212-227-153-4.plesk.page\/hr\/wp-json\/wp\/v2\/media\/5945475"}],"wp:attachment":[{"href":"https:\/\/stoic-curie.212-227-153-4.plesk.page\/hr\/wp-json\/wp\/v2\/media?parent=3691538"}],"wp:term":[{"taxonomy":"product_brand","embeddable":true,"href":"https:\/\/stoic-curie.212-227-153-4.plesk.page\/hr\/wp-json\/wp\/v2\/product_brand?post=3691538"},{"taxonomy":"product_cat","embeddable":true,"href":"https:\/\/stoic-curie.212-227-153-4.plesk.page\/hr\/wp-json\/wp\/v2\/product_cat?post=3691538"},{"taxonomy":"product_tag","embeddable":true,"href":"https:\/\/stoic-curie.212-227-153-4.plesk.page\/hr\/wp-json\/wp\/v2\/product_tag?post=3691538"}],"curies":[{"name":"wp","href":"https:\/\/api.w.org\/{rel}","templated":true}]}}