{"id":3691551,"date":"2025-10-13T13:47:34","date_gmt":"2025-10-13T17:47:34","guid":{"rendered":"https:\/\/stoic-curie.212-227-153-4.plesk.page\/product\/aluminijski-reflektor-115-mm-12-24v-6-x-3w\/"},"modified":"2026-02-25T00:01:10","modified_gmt":"2026-02-25T00:01:10","slug":"aluminijski-reflektor-115-mm-12-24v-6-x-3w","status":"publish","type":"product","link":"https:\/\/stoic-curie.212-227-153-4.plesk.page\/hr\/product\/aluminijski-reflektor-115-mm-12-24v-6-x-3w\/","title":{"rendered":"Aluminijski reflektor 115 mm 12-24V (6 x 3W)"},"content":{"rendered":"<p>Aluminijski reflektor 115 mm 12-24V (6 x 3W) &#8211; <\/p>\n<p>IP67 vodootporna LED svjetiljka za kokpit i palubu. Ku\u0107i\u0161te od aluminijske legure otporno na koroziju s nosa\u010dem od nehr\u0111aju\u0107eg \u010delika. Napajanje 10-30V. Snaga 18W. 1500 lumena. Bijela svjetlost 6000\u00c2\u00b0K.<\/p>\n","protected":false},"excerpt":{"rendered":"<p>Aluminijski reflektor 115 mm 12-24V (6 x 3W) &#8211; IP67 vodootporna LED svjetiljka za kokpit i palubu. Ku\u0107i\u0161te od aluminijske<\/p>\n","protected":false},"featured_media":5945495,"comment_status":"closed","ping_status":"closed","template":"","meta":[],"product_brand":[3221],"product_cat":[1734],"product_tag":[],"class_list":{"0":"post-3691551","1":"product","2":"type-product","3":"status-publish","4":"has-post-thumbnail","6":"product_brand-oceanled-hr","7":"product_cat-brodski-reflektori","9":"first","10":"instock","11":"shipping-taxable","12":"purchasable","13":"product-type-simple"},"_links":{"self":[{"href":"https:\/\/stoic-curie.212-227-153-4.plesk.page\/hr\/wp-json\/wp\/v2\/product\/3691551","targetHints":{"allow":["GET"]}}],"collection":[{"href":"https:\/\/stoic-curie.212-227-153-4.plesk.page\/hr\/wp-json\/wp\/v2\/product"}],"about":[{"href":"https:\/\/stoic-curie.212-227-153-4.plesk.page\/hr\/wp-json\/wp\/v2\/types\/product"}],"replies":[{"embeddable":true,"href":"https:\/\/stoic-curie.212-227-153-4.plesk.page\/hr\/wp-json\/wp\/v2\/comments?post=3691551"}],"version-history":[{"count":0,"href":"https:\/\/stoic-curie.212-227-153-4.plesk.page\/hr\/wp-json\/wp\/v2\/product\/3691551\/revisions"}],"wp:featuredmedia":[{"embeddable":true,"href":"https:\/\/stoic-curie.212-227-153-4.plesk.page\/hr\/wp-json\/wp\/v2\/media\/5945495"}],"wp:attachment":[{"href":"https:\/\/stoic-curie.212-227-153-4.plesk.page\/hr\/wp-json\/wp\/v2\/media?parent=3691551"}],"wp:term":[{"taxonomy":"product_brand","embeddable":true,"href":"https:\/\/stoic-curie.212-227-153-4.plesk.page\/hr\/wp-json\/wp\/v2\/product_brand?post=3691551"},{"taxonomy":"product_cat","embeddable":true,"href":"https:\/\/stoic-curie.212-227-153-4.plesk.page\/hr\/wp-json\/wp\/v2\/product_cat?post=3691551"},{"taxonomy":"product_tag","embeddable":true,"href":"https:\/\/stoic-curie.212-227-153-4.plesk.page\/hr\/wp-json\/wp\/v2\/product_tag?post=3691551"}],"curies":[{"name":"wp","href":"https:\/\/api.w.org\/{rel}","templated":true}]}}