{"id":3691552,"date":"2025-10-13T13:47:35","date_gmt":"2025-10-13T17:47:35","guid":{"rendered":"https:\/\/stoic-curie.212-227-153-4.plesk.page\/product\/4-mt-produzni-kabel-za-podesivi-xenon-reflektor\/"},"modified":"2026-02-25T00:01:10","modified_gmt":"2026-02-25T00:01:10","slug":"4-mt-produzni-kabel-za-podesivi-xenon-reflektor","status":"publish","type":"product","link":"https:\/\/stoic-curie.212-227-153-4.plesk.page\/hr\/product\/4-mt-produzni-kabel-za-podesivi-xenon-reflektor\/","title":{"rendered":"4 mt produ\u017eni kabel za Podesivi Xenon reflektor"},"content":{"rendered":"<p>4 mt produ\u017eni kabel za Podesivi Xenon reflektor &#8211; <\/p>\n<p>Podesivi reflektor s vodootpornom \u017eicom upravlja\u010dkom plo\u010dom koja ima rotaciju 360\u00c2\u00b0 x 70\u00c2\u00b0 gore\/dolje. Zape\u010datena XENON \u017earulja koja je 7 puta svjetlija od standardne pretra\u017eiva\u010dke svjetiljke. Dimenzije: 350 mm duljine &#8211; 260 mm \u0161irine &#8211; 320 mm visine. Opcijska be\u017ei\u010dna kontrola s plug and play prijemnikom i oda\u0161ilja\u010dem do 35 m. Ako je instalirano, zamijenit \u0107e \u017ei\u010dano upravlja\u010dko su\u010delje. Da bi se odr\u017eala oboje, potrebno je kupiti dualno upravlja\u010dko su\u010delje.<\/p>\n","protected":false},"excerpt":{"rendered":"<p>4 mt produ\u017eni kabel za Podesivi Xenon reflektor &#8211; Podesivi reflektor s vodootpornom \u017eicom upravlja\u010dkom plo\u010dom koja ima rotaciju 360\u00c2\u00b0<\/p>\n","protected":false},"featured_media":5945499,"comment_status":"closed","ping_status":"closed","template":"","meta":[],"product_brand":[3141],"product_cat":[1734],"product_tag":[],"class_list":{"0":"post-3691552","1":"product","2":"type-product","3":"status-publish","4":"has-post-thumbnail","6":"product_brand-matromarine-hr","7":"product_cat-brodski-reflektori","9":"first","10":"instock","11":"shipping-taxable","12":"purchasable","13":"product-type-simple"},"_links":{"self":[{"href":"https:\/\/stoic-curie.212-227-153-4.plesk.page\/hr\/wp-json\/wp\/v2\/product\/3691552","targetHints":{"allow":["GET"]}}],"collection":[{"href":"https:\/\/stoic-curie.212-227-153-4.plesk.page\/hr\/wp-json\/wp\/v2\/product"}],"about":[{"href":"https:\/\/stoic-curie.212-227-153-4.plesk.page\/hr\/wp-json\/wp\/v2\/types\/product"}],"replies":[{"embeddable":true,"href":"https:\/\/stoic-curie.212-227-153-4.plesk.page\/hr\/wp-json\/wp\/v2\/comments?post=3691552"}],"version-history":[{"count":0,"href":"https:\/\/stoic-curie.212-227-153-4.plesk.page\/hr\/wp-json\/wp\/v2\/product\/3691552\/revisions"}],"wp:featuredmedia":[{"embeddable":true,"href":"https:\/\/stoic-curie.212-227-153-4.plesk.page\/hr\/wp-json\/wp\/v2\/media\/5945499"}],"wp:attachment":[{"href":"https:\/\/stoic-curie.212-227-153-4.plesk.page\/hr\/wp-json\/wp\/v2\/media?parent=3691552"}],"wp:term":[{"taxonomy":"product_brand","embeddable":true,"href":"https:\/\/stoic-curie.212-227-153-4.plesk.page\/hr\/wp-json\/wp\/v2\/product_brand?post=3691552"},{"taxonomy":"product_cat","embeddable":true,"href":"https:\/\/stoic-curie.212-227-153-4.plesk.page\/hr\/wp-json\/wp\/v2\/product_cat?post=3691552"},{"taxonomy":"product_tag","embeddable":true,"href":"https:\/\/stoic-curie.212-227-153-4.plesk.page\/hr\/wp-json\/wp\/v2\/product_tag?post=3691552"}],"curies":[{"name":"wp","href":"https:\/\/api.w.org\/{rel}","templated":true}]}}