{"id":3691555,"date":"2025-10-13T13:47:36","date_gmt":"2025-10-13T17:47:36","guid":{"rendered":"https:\/\/stoic-curie.212-227-153-4.plesk.page\/product\/led-stropno-svjetlo-top-inox-2-12-u-108-mm\/"},"modified":"2026-02-25T00:01:10","modified_gmt":"2026-02-25T00:01:10","slug":"led-stropno-svjetlo-top-inox-2-12-u-108-mm","status":"publish","type":"product","link":"https:\/\/stoic-curie.212-227-153-4.plesk.page\/hr\/product\/led-stropno-svjetlo-top-inox-2-12-u-108-mm\/","title":{"rendered":"LED Stropno svjetlo Top Inox 2 12 u 108 mm"},"content":{"rendered":"<p>LED Stropno svjetlo Top Inox 2 12 u 108 mm &#8211; <\/p>\n<p>12V dimabilna IP67 vodonepropusna LED kupolna svjetiljka s okvirom od nehr\u0111aju\u0107eg \u010delika. Ugradna monta\u017ea. Potro\u0161nja 6W. Toplo bijela svjetlost 3000 K\u00b0.<\/p>\n","protected":false},"excerpt":{"rendered":"<p>LED Stropno svjetlo Top Inox 2 12 u 108 mm &#8211; 12V dimabilna IP67 vodonepropusna LED kupolna svjetiljka s okvirom<\/p>\n","protected":false},"featured_media":5945523,"comment_status":"closed","ping_status":"closed","template":"","meta":[],"product_brand":[3221],"product_cat":[1739],"product_tag":[],"class_list":{"0":"post-3691555","1":"product","2":"type-product","3":"status-publish","4":"has-post-thumbnail","6":"product_brand-oceanled-hr","7":"product_cat-rasvjeta","9":"first","10":"instock","11":"shipping-taxable","12":"purchasable","13":"product-type-simple"},"_links":{"self":[{"href":"https:\/\/stoic-curie.212-227-153-4.plesk.page\/hr\/wp-json\/wp\/v2\/product\/3691555","targetHints":{"allow":["GET"]}}],"collection":[{"href":"https:\/\/stoic-curie.212-227-153-4.plesk.page\/hr\/wp-json\/wp\/v2\/product"}],"about":[{"href":"https:\/\/stoic-curie.212-227-153-4.plesk.page\/hr\/wp-json\/wp\/v2\/types\/product"}],"replies":[{"embeddable":true,"href":"https:\/\/stoic-curie.212-227-153-4.plesk.page\/hr\/wp-json\/wp\/v2\/comments?post=3691555"}],"version-history":[{"count":0,"href":"https:\/\/stoic-curie.212-227-153-4.plesk.page\/hr\/wp-json\/wp\/v2\/product\/3691555\/revisions"}],"wp:featuredmedia":[{"embeddable":true,"href":"https:\/\/stoic-curie.212-227-153-4.plesk.page\/hr\/wp-json\/wp\/v2\/media\/5945523"}],"wp:attachment":[{"href":"https:\/\/stoic-curie.212-227-153-4.plesk.page\/hr\/wp-json\/wp\/v2\/media?parent=3691555"}],"wp:term":[{"taxonomy":"product_brand","embeddable":true,"href":"https:\/\/stoic-curie.212-227-153-4.plesk.page\/hr\/wp-json\/wp\/v2\/product_brand?post=3691555"},{"taxonomy":"product_cat","embeddable":true,"href":"https:\/\/stoic-curie.212-227-153-4.plesk.page\/hr\/wp-json\/wp\/v2\/product_cat?post=3691555"},{"taxonomy":"product_tag","embeddable":true,"href":"https:\/\/stoic-curie.212-227-153-4.plesk.page\/hr\/wp-json\/wp\/v2\/product_tag?post=3691555"}],"curies":[{"name":"wp","href":"https:\/\/api.w.org\/{rel}","templated":true}]}}