{"id":3691556,"date":"2025-10-13T13:47:36","date_gmt":"2025-10-13T17:47:36","guid":{"rendered":"https:\/\/stoic-curie.212-227-153-4.plesk.page\/product\/usb-led-svjetlo-za-citanje-411mm\/"},"modified":"2026-02-25T00:01:10","modified_gmt":"2026-02-25T00:01:10","slug":"usb-led-svjetlo-za-citanje-411mm","status":"publish","type":"product","link":"https:\/\/stoic-curie.212-227-153-4.plesk.page\/hr\/product\/usb-led-svjetlo-za-citanje-411mm\/","title":{"rendered":"Usb LED svjetlo za \u010ditanje 411mm"},"content":{"rendered":"<p>Usb LED svjetlo za \u010ditanje 411mm &#8211; <\/p>\n<p>LED chart svjetlo za 12\/24V s fleksibilnim vratom od nikliranog \u010delika, osnovom promjera 60 mm i crnom plasti\u010dnom ku\u0107i\u0161tem. U kompletu s USB punja\u010dem od 2A i LED dodirnim prekida\u010dem. Potro\u0161nja 1,8W. Prirodna bijela svjetlost 4500 K.<\/p>\n","protected":false},"excerpt":{"rendered":"<p>Usb LED svjetlo za \u010ditanje 411mm &#8211; LED chart svjetlo za 12\/24V s fleksibilnim vratom od nikliranog \u010delika, osnovom promjera<\/p>\n","protected":false},"featured_media":5945528,"comment_status":"closed","ping_status":"closed","template":"","meta":[],"product_brand":[3221],"product_cat":[1774,1739],"product_tag":[],"class_list":{"0":"post-3691556","1":"product","2":"type-product","3":"status-publish","4":"has-post-thumbnail","6":"product_brand-oceanled-hr","7":"product_cat-alati-i-instrumenti-za-navigacijske-karte","8":"product_cat-rasvjeta","10":"first","11":"instock","12":"shipping-taxable","13":"purchasable","14":"product-type-simple"},"_links":{"self":[{"href":"https:\/\/stoic-curie.212-227-153-4.plesk.page\/hr\/wp-json\/wp\/v2\/product\/3691556","targetHints":{"allow":["GET"]}}],"collection":[{"href":"https:\/\/stoic-curie.212-227-153-4.plesk.page\/hr\/wp-json\/wp\/v2\/product"}],"about":[{"href":"https:\/\/stoic-curie.212-227-153-4.plesk.page\/hr\/wp-json\/wp\/v2\/types\/product"}],"replies":[{"embeddable":true,"href":"https:\/\/stoic-curie.212-227-153-4.plesk.page\/hr\/wp-json\/wp\/v2\/comments?post=3691556"}],"version-history":[{"count":0,"href":"https:\/\/stoic-curie.212-227-153-4.plesk.page\/hr\/wp-json\/wp\/v2\/product\/3691556\/revisions"}],"wp:featuredmedia":[{"embeddable":true,"href":"https:\/\/stoic-curie.212-227-153-4.plesk.page\/hr\/wp-json\/wp\/v2\/media\/5945528"}],"wp:attachment":[{"href":"https:\/\/stoic-curie.212-227-153-4.plesk.page\/hr\/wp-json\/wp\/v2\/media?parent=3691556"}],"wp:term":[{"taxonomy":"product_brand","embeddable":true,"href":"https:\/\/stoic-curie.212-227-153-4.plesk.page\/hr\/wp-json\/wp\/v2\/product_brand?post=3691556"},{"taxonomy":"product_cat","embeddable":true,"href":"https:\/\/stoic-curie.212-227-153-4.plesk.page\/hr\/wp-json\/wp\/v2\/product_cat?post=3691556"},{"taxonomy":"product_tag","embeddable":true,"href":"https:\/\/stoic-curie.212-227-153-4.plesk.page\/hr\/wp-json\/wp\/v2\/product_tag?post=3691556"}],"curies":[{"name":"wp","href":"https:\/\/api.w.org\/{rel}","templated":true}]}}