{"id":3691559,"date":"2025-10-13T13:47:37","date_gmt":"2025-10-13T17:47:37","guid":{"rendered":"https:\/\/stoic-curie.212-227-153-4.plesk.page\/product\/rucni-kompas-riviera-mizar-crni\/"},"modified":"2026-02-25T00:01:10","modified_gmt":"2026-02-25T00:01:10","slug":"rucni-kompas-riviera-mizar-crni","status":"publish","type":"product","link":"https:\/\/stoic-curie.212-227-153-4.plesk.page\/hr\/product\/rucni-kompas-riviera-mizar-crni\/","title":{"rendered":"Ru\u010dni kompas Riviera Mizar, crni"},"content":{"rendered":"<p>Ru\u010dni kompas Riviera Mizar, crni &#8211; <\/p>\n<p>Plutaju\u0107i ru\u010dni kompas Riviera Mizar. <br \/>\u2022 O\u010ditani promjer 1&#8243;7\/8 (-50 mm) <br \/>\u2022 Direktno o\u010ditanje (razmjera karte 10\u00b0) <br \/>\u2022 Plutaju\u0107i &#8211; Otporan na udarce <br \/>\u2022 Rotiraju\u0107i okvir &#8211; Luminescentna karta <br \/>\u2022 Dimenzije: 80x60x22 mm<\/p>\n","protected":false},"excerpt":{"rendered":"<p>Ru\u010dni kompas Riviera Mizar, crni &#8211; Plutaju\u0107i ru\u010dni kompas Riviera Mizar. \u2022 O\u010ditani promjer 1&#8243;7\/8 (-50 mm) \u2022 Direktno o\u010ditanje<\/p>\n","protected":false},"featured_media":5945535,"comment_status":"closed","ping_status":"closed","template":"","meta":[],"product_brand":[3306],"product_cat":[1780,1775],"product_tag":[],"class_list":{"0":"post-3691559","1":"product","2":"type-product","3":"status-publish","4":"has-post-thumbnail","6":"product_brand-riviera-hr","7":"product_cat-navigacijski-kompas","8":"product_cat-rucni-brodski-kompasi","10":"first","11":"instock","12":"shipping-taxable","13":"purchasable","14":"product-type-simple"},"_links":{"self":[{"href":"https:\/\/stoic-curie.212-227-153-4.plesk.page\/hr\/wp-json\/wp\/v2\/product\/3691559","targetHints":{"allow":["GET"]}}],"collection":[{"href":"https:\/\/stoic-curie.212-227-153-4.plesk.page\/hr\/wp-json\/wp\/v2\/product"}],"about":[{"href":"https:\/\/stoic-curie.212-227-153-4.plesk.page\/hr\/wp-json\/wp\/v2\/types\/product"}],"replies":[{"embeddable":true,"href":"https:\/\/stoic-curie.212-227-153-4.plesk.page\/hr\/wp-json\/wp\/v2\/comments?post=3691559"}],"version-history":[{"count":0,"href":"https:\/\/stoic-curie.212-227-153-4.plesk.page\/hr\/wp-json\/wp\/v2\/product\/3691559\/revisions"}],"wp:featuredmedia":[{"embeddable":true,"href":"https:\/\/stoic-curie.212-227-153-4.plesk.page\/hr\/wp-json\/wp\/v2\/media\/5945535"}],"wp:attachment":[{"href":"https:\/\/stoic-curie.212-227-153-4.plesk.page\/hr\/wp-json\/wp\/v2\/media?parent=3691559"}],"wp:term":[{"taxonomy":"product_brand","embeddable":true,"href":"https:\/\/stoic-curie.212-227-153-4.plesk.page\/hr\/wp-json\/wp\/v2\/product_brand?post=3691559"},{"taxonomy":"product_cat","embeddable":true,"href":"https:\/\/stoic-curie.212-227-153-4.plesk.page\/hr\/wp-json\/wp\/v2\/product_cat?post=3691559"},{"taxonomy":"product_tag","embeddable":true,"href":"https:\/\/stoic-curie.212-227-153-4.plesk.page\/hr\/wp-json\/wp\/v2\/product_tag?post=3691559"}],"curies":[{"name":"wp","href":"https:\/\/api.w.org\/{rel}","templated":true}]}}