{"id":3691561,"date":"2025-10-13T13:47:38","date_gmt":"2025-10-13T17:47:38","guid":{"rendered":"https:\/\/stoic-curie.212-227-153-4.plesk.page\/product\/manometar-tlaka-ulja-crni-ecms-0-30-bara-52-mm\/"},"modified":"2026-02-25T00:01:10","modified_gmt":"2026-02-25T00:01:10","slug":"manometar-tlaka-ulja-crni-ecms-0-30-bara-52-mm","status":"publish","type":"product","link":"https:\/\/stoic-curie.212-227-153-4.plesk.page\/hr\/product\/manometar-tlaka-ulja-crni-ecms-0-30-bara-52-mm\/","title":{"rendered":"Manometar tlaka ulja Crni ECMS 0-30 bara 52 mm"},"content":{"rendered":"<p>Manometar tlaka ulja Crni ECMS 0-30 bara 52 mm &#8211; <\/p>\n<p>Ecms 12\/24V sve crne mjera\u010de, kompletni s \u017ei\u010danim Molex konektorom. Crni nehr\u0111aju\u0107i \u010deli\u010dni okvir i crna plo\u010da. Vodootporna IP67 za\u0161ti\u0107ena konveksna le\u0107a otporna na maglu. prilagodljiva vi\u0161ebojna LED pozadinsko osvjetljenje. Mjera\u010di razine mogu se postaviti na bilo koju vrijednost impedancije pomo\u0107u gumba za konfiguraciju na stra\u017enjoj strani. Postavljeni su na standardnu vrijednost 0-190 Ohm. Manometri uljnog tlaka 5 i 10 bara kompatibilni su sa standardnim senzorima (10-180 Ohm), dok je onaj od 30 bara kompatibilan samo s elektroni\u010dkim senzorima (0,5-4,5 V). Ampermetri dolaze s senzorom (shunt) za mjerenje struje.<\/p>\n","protected":false},"excerpt":{"rendered":"<p>Manometar tlaka ulja Crni ECMS 0-30 bara 52 mm &#8211; Ecms 12\/24V sve crne mjera\u010de, kompletni s \u017ei\u010danim Molex konektorom.<\/p>\n","protected":false},"featured_media":5942910,"comment_status":"closed","ping_status":"closed","template":"","meta":[],"product_brand":[2911],"product_cat":[1811],"product_tag":[],"class_list":{"0":"post-3691561","1":"product","2":"type-product","3":"status-publish","4":"has-post-thumbnail","6":"product_brand-ecms-marine-hr","7":"product_cat-brodski-mjerni-instrumenti-ecms-a","9":"first","10":"instock","11":"shipping-taxable","12":"purchasable","13":"product-type-simple"},"_links":{"self":[{"href":"https:\/\/stoic-curie.212-227-153-4.plesk.page\/hr\/wp-json\/wp\/v2\/product\/3691561","targetHints":{"allow":["GET"]}}],"collection":[{"href":"https:\/\/stoic-curie.212-227-153-4.plesk.page\/hr\/wp-json\/wp\/v2\/product"}],"about":[{"href":"https:\/\/stoic-curie.212-227-153-4.plesk.page\/hr\/wp-json\/wp\/v2\/types\/product"}],"replies":[{"embeddable":true,"href":"https:\/\/stoic-curie.212-227-153-4.plesk.page\/hr\/wp-json\/wp\/v2\/comments?post=3691561"}],"version-history":[{"count":0,"href":"https:\/\/stoic-curie.212-227-153-4.plesk.page\/hr\/wp-json\/wp\/v2\/product\/3691561\/revisions"}],"wp:featuredmedia":[{"embeddable":true,"href":"https:\/\/stoic-curie.212-227-153-4.plesk.page\/hr\/wp-json\/wp\/v2\/media\/5942910"}],"wp:attachment":[{"href":"https:\/\/stoic-curie.212-227-153-4.plesk.page\/hr\/wp-json\/wp\/v2\/media?parent=3691561"}],"wp:term":[{"taxonomy":"product_brand","embeddable":true,"href":"https:\/\/stoic-curie.212-227-153-4.plesk.page\/hr\/wp-json\/wp\/v2\/product_brand?post=3691561"},{"taxonomy":"product_cat","embeddable":true,"href":"https:\/\/stoic-curie.212-227-153-4.plesk.page\/hr\/wp-json\/wp\/v2\/product_cat?post=3691561"},{"taxonomy":"product_tag","embeddable":true,"href":"https:\/\/stoic-curie.212-227-153-4.plesk.page\/hr\/wp-json\/wp\/v2\/product_tag?post=3691561"}],"curies":[{"name":"wp","href":"https:\/\/api.w.org\/{rel}","templated":true}]}}