{"id":3691568,"date":"2025-10-13T13:47:40","date_gmt":"2025-10-13T17:47:40","guid":{"rendered":"https:\/\/stoic-curie.212-227-153-4.plesk.page\/product\/antena-am-fm-dab-supergain-almafi\/"},"modified":"2026-02-25T00:01:10","modified_gmt":"2026-02-25T00:01:10","slug":"antena-am-fm-dab-supergain-almafi","status":"publish","type":"product","link":"https:\/\/stoic-curie.212-227-153-4.plesk.page\/hr\/product\/antena-am-fm-dab-supergain-almafi\/","title":{"rendered":"Antena AM-FM \/ DAB Supergain Almafi"},"content":{"rendered":"<p>Antena AM-FM \/ DAB Supergain Almafi &#8211; <\/p>\n<p>Visokou\u010dinkovita AM-FM Supergain Amalfi antena za sve vrste \u010damaca. Idealna za montiranje na rollbar zahvaljuju\u0107i integriranoj podr\u0161ci s vodootpornom brtvom. Fleksibilni crni stilus od nehr\u0111aju\u0107eg \u010delika. 100 mA-12V \/ 8db AM-FM \/ AM 535-1705\/FM 88-108 MHz \/ 50-75 Ohm. Visina 0,49 m. U kompletu s 0,56 m koaksijalnim kablom s Motorola priklju\u010dkom.<\/p>\n","protected":false},"excerpt":{"rendered":"<p>Antena AM-FM \/ DAB Supergain Almafi &#8211; Visokou\u010dinkovita AM-FM Supergain Amalfi antena za sve vrste \u010damaca. Idealna za montiranje na<\/p>\n","protected":false},"featured_media":5945566,"comment_status":"closed","ping_status":"closed","template":"","meta":[],"product_brand":[3446],"product_cat":[1733],"product_tag":[],"class_list":{"0":"post-3691568","1":"product","2":"type-product","3":"status-publish","4":"has-post-thumbnail","6":"product_brand-supergain-hr","7":"product_cat-stereo-i-zvucnici","9":"first","10":"instock","11":"shipping-taxable","12":"purchasable","13":"product-type-simple"},"_links":{"self":[{"href":"https:\/\/stoic-curie.212-227-153-4.plesk.page\/hr\/wp-json\/wp\/v2\/product\/3691568","targetHints":{"allow":["GET"]}}],"collection":[{"href":"https:\/\/stoic-curie.212-227-153-4.plesk.page\/hr\/wp-json\/wp\/v2\/product"}],"about":[{"href":"https:\/\/stoic-curie.212-227-153-4.plesk.page\/hr\/wp-json\/wp\/v2\/types\/product"}],"replies":[{"embeddable":true,"href":"https:\/\/stoic-curie.212-227-153-4.plesk.page\/hr\/wp-json\/wp\/v2\/comments?post=3691568"}],"version-history":[{"count":0,"href":"https:\/\/stoic-curie.212-227-153-4.plesk.page\/hr\/wp-json\/wp\/v2\/product\/3691568\/revisions"}],"wp:featuredmedia":[{"embeddable":true,"href":"https:\/\/stoic-curie.212-227-153-4.plesk.page\/hr\/wp-json\/wp\/v2\/media\/5945566"}],"wp:attachment":[{"href":"https:\/\/stoic-curie.212-227-153-4.plesk.page\/hr\/wp-json\/wp\/v2\/media?parent=3691568"}],"wp:term":[{"taxonomy":"product_brand","embeddable":true,"href":"https:\/\/stoic-curie.212-227-153-4.plesk.page\/hr\/wp-json\/wp\/v2\/product_brand?post=3691568"},{"taxonomy":"product_cat","embeddable":true,"href":"https:\/\/stoic-curie.212-227-153-4.plesk.page\/hr\/wp-json\/wp\/v2\/product_cat?post=3691568"},{"taxonomy":"product_tag","embeddable":true,"href":"https:\/\/stoic-curie.212-227-153-4.plesk.page\/hr\/wp-json\/wp\/v2\/product_tag?post=3691568"}],"curies":[{"name":"wp","href":"https:\/\/api.w.org\/{rel}","templated":true}]}}