{"id":3691569,"date":"2025-10-13T13:47:40","date_gmt":"2025-10-13T17:47:40","guid":{"rendered":"https:\/\/stoic-curie.212-227-153-4.plesk.page\/product\/brodski-aparat-za-gasenje-pozara-od-1-kg-5-a-34-b-c\/"},"modified":"2026-02-25T00:01:10","modified_gmt":"2026-02-25T00:01:10","slug":"brodski-aparat-za-gasenje-pozara-od-1-kg-5-a-34-b-c","status":"publish","type":"product","link":"https:\/\/stoic-curie.212-227-153-4.plesk.page\/hr\/product\/brodski-aparat-za-gasenje-pozara-od-1-kg-5-a-34-b-c\/","title":{"rendered":"Brodski aparat za ga\u0161enje po\u017eara od 1 kg (5 a-34 B-C)"},"content":{"rendered":"<p>Brodski aparat za ga\u0161enje po\u017eara od 1 kg (5 a-34 B-C) &#8211; <\/p>\n<p>Ekspresor suhog praha odobren prema M.E.D. 96\/98\/EC i CE 0029 EN3. Dolazi s manometrom za punjenje i otisnutim datumom proizvodnje. Prodaje se bez oznake isteka (nije potrebna za mala plovila). Za brodove oznaku isteka treba zatra\u017eiti od servisera za aparate za ga\u0161enje po\u017eara.<\/p>\n","protected":false},"excerpt":{"rendered":"<p>Brodski aparat za ga\u0161enje po\u017eara od 1 kg (5 a-34 B-C) &#8211; Ekspresor suhog praha odobren prema M.E.D. 96\/98\/EC i<\/p>\n","protected":false},"featured_media":5945602,"comment_status":"closed","ping_status":"closed","template":"","meta":[],"product_brand":[2776],"product_cat":[1600],"product_tag":[],"class_list":{"0":"post-3691569","1":"product","2":"type-product","3":"status-publish","4":"has-post-thumbnail","6":"product_brand-anaf-marine-hr","7":"product_cat-brodski-aparati-za-gasenje-pozara","9":"first","10":"instock","11":"shipping-taxable","12":"purchasable","13":"product-type-simple"},"_links":{"self":[{"href":"https:\/\/stoic-curie.212-227-153-4.plesk.page\/hr\/wp-json\/wp\/v2\/product\/3691569","targetHints":{"allow":["GET"]}}],"collection":[{"href":"https:\/\/stoic-curie.212-227-153-4.plesk.page\/hr\/wp-json\/wp\/v2\/product"}],"about":[{"href":"https:\/\/stoic-curie.212-227-153-4.plesk.page\/hr\/wp-json\/wp\/v2\/types\/product"}],"replies":[{"embeddable":true,"href":"https:\/\/stoic-curie.212-227-153-4.plesk.page\/hr\/wp-json\/wp\/v2\/comments?post=3691569"}],"version-history":[{"count":0,"href":"https:\/\/stoic-curie.212-227-153-4.plesk.page\/hr\/wp-json\/wp\/v2\/product\/3691569\/revisions"}],"wp:featuredmedia":[{"embeddable":true,"href":"https:\/\/stoic-curie.212-227-153-4.plesk.page\/hr\/wp-json\/wp\/v2\/media\/5945602"}],"wp:attachment":[{"href":"https:\/\/stoic-curie.212-227-153-4.plesk.page\/hr\/wp-json\/wp\/v2\/media?parent=3691569"}],"wp:term":[{"taxonomy":"product_brand","embeddable":true,"href":"https:\/\/stoic-curie.212-227-153-4.plesk.page\/hr\/wp-json\/wp\/v2\/product_brand?post=3691569"},{"taxonomy":"product_cat","embeddable":true,"href":"https:\/\/stoic-curie.212-227-153-4.plesk.page\/hr\/wp-json\/wp\/v2\/product_cat?post=3691569"},{"taxonomy":"product_tag","embeddable":true,"href":"https:\/\/stoic-curie.212-227-153-4.plesk.page\/hr\/wp-json\/wp\/v2\/product_tag?post=3691569"}],"curies":[{"name":"wp","href":"https:\/\/api.w.org\/{rel}","templated":true}]}}