{"id":3691572,"date":"2025-10-13T13:47:41","date_gmt":"2025-10-13T17:47:41","guid":{"rendered":"https:\/\/stoic-curie.212-227-153-4.plesk.page\/product\/automatski-aparat-za-gasenje-pozara-od-1-kg-abc\/"},"modified":"2026-02-25T00:01:10","modified_gmt":"2026-02-25T00:01:10","slug":"automatski-aparat-za-gasenje-pozara-od-1-kg-abc","status":"publish","type":"product","link":"https:\/\/stoic-curie.212-227-153-4.plesk.page\/hr\/product\/automatski-aparat-za-gasenje-pozara-od-1-kg-abc\/","title":{"rendered":"Automatski aparat za ga\u0161enje po\u017eara od 1 kg ABC"},"content":{"rendered":"<p>Automatski aparat za ga\u0161enje po\u017eara od 1 kg ABC &#8211; <\/p>\n<p>CE0029 odobren automatski prahoviti aparat za ga\u0161enje po\u017eara. Automatski se aktivira kada temperatura dostigne 68\u00c2\u00b079\u00c2\u00b0. Sa otisnutim datumom proizvodnje. Prodaje se bez oznake isteka (nije potrebno za male plovila). Za \u010damce oznaku isteka treba zatra\u017eiti od tehni\u010dara za odr\u017eavanje aparata za ga\u0161enje po\u017eara.<\/p>\n","protected":false},"excerpt":{"rendered":"<p>Automatski aparat za ga\u0161enje po\u017eara od 1 kg ABC &#8211; CE0029 odobren automatski prahoviti aparat za ga\u0161enje po\u017eara. Automatski se<\/p>\n","protected":false},"featured_media":5945607,"comment_status":"closed","ping_status":"closed","template":"","meta":[],"product_brand":[2776],"product_cat":[1600],"product_tag":[],"class_list":{"0":"post-3691572","1":"product","2":"type-product","3":"status-publish","4":"has-post-thumbnail","6":"product_brand-anaf-marine-hr","7":"product_cat-brodski-aparati-za-gasenje-pozara","9":"first","10":"outofstock","11":"shipping-taxable","12":"purchasable","13":"product-type-simple"},"_links":{"self":[{"href":"https:\/\/stoic-curie.212-227-153-4.plesk.page\/hr\/wp-json\/wp\/v2\/product\/3691572","targetHints":{"allow":["GET"]}}],"collection":[{"href":"https:\/\/stoic-curie.212-227-153-4.plesk.page\/hr\/wp-json\/wp\/v2\/product"}],"about":[{"href":"https:\/\/stoic-curie.212-227-153-4.plesk.page\/hr\/wp-json\/wp\/v2\/types\/product"}],"replies":[{"embeddable":true,"href":"https:\/\/stoic-curie.212-227-153-4.plesk.page\/hr\/wp-json\/wp\/v2\/comments?post=3691572"}],"version-history":[{"count":0,"href":"https:\/\/stoic-curie.212-227-153-4.plesk.page\/hr\/wp-json\/wp\/v2\/product\/3691572\/revisions"}],"wp:featuredmedia":[{"embeddable":true,"href":"https:\/\/stoic-curie.212-227-153-4.plesk.page\/hr\/wp-json\/wp\/v2\/media\/5945607"}],"wp:attachment":[{"href":"https:\/\/stoic-curie.212-227-153-4.plesk.page\/hr\/wp-json\/wp\/v2\/media?parent=3691572"}],"wp:term":[{"taxonomy":"product_brand","embeddable":true,"href":"https:\/\/stoic-curie.212-227-153-4.plesk.page\/hr\/wp-json\/wp\/v2\/product_brand?post=3691572"},{"taxonomy":"product_cat","embeddable":true,"href":"https:\/\/stoic-curie.212-227-153-4.plesk.page\/hr\/wp-json\/wp\/v2\/product_cat?post=3691572"},{"taxonomy":"product_tag","embeddable":true,"href":"https:\/\/stoic-curie.212-227-153-4.plesk.page\/hr\/wp-json\/wp\/v2\/product_tag?post=3691572"}],"curies":[{"name":"wp","href":"https:\/\/api.w.org\/{rel}","templated":true}]}}