{"id":3691580,"date":"2025-10-13T13:47:44","date_gmt":"2025-10-13T17:47:44","guid":{"rendered":"https:\/\/stoic-curie.212-227-153-4.plesk.page\/product\/vilicaste-stezaljke-za-zicani-kabel-6mm-od-nehrdajuceg-celika\/"},"modified":"2026-02-25T00:01:11","modified_gmt":"2026-02-25T00:01:11","slug":"vilicaste-stezaljke-za-zicani-kabel-6mm-od-nehrdajuceg-celika","status":"publish","type":"product","link":"https:\/\/stoic-curie.212-227-153-4.plesk.page\/hr\/product\/vilicaste-stezaljke-za-zicani-kabel-6mm-od-nehrdajuceg-celika\/","title":{"rendered":"Vilicaste stezaljke za \u017ei\u010dani kabel 6mm od nehr\u0111aju\u0107eg \u010delika"},"content":{"rendered":"<p>Vilicaste stezaljke za \u017ei\u010dani kabel 6mm od nehr\u0111aju\u0107eg \u010delika &#8211; <\/p>\n<p>Terminali za vilicu od nehr\u0111aju\u0107eg \u010delika 316 bez navijanja. Izvanredna snaga dr\u017eanja jednaka optere\u0107enju prekida \u017eice. Lako se montira; jednostavno umetnite \u010deli\u010dnu \u017eicu u terminal i vreteno ga automatski hvata. Pogodno za sve vrste \u010deli\u010dnih \u017eica (19\/49\/133 \u017eice).<\/p>\n","protected":false},"excerpt":{"rendered":"<p>Vilicaste stezaljke za \u017ei\u010dani kabel 6mm od nehr\u0111aju\u0107eg \u010delika &#8211; Terminali za vilicu od nehr\u0111aju\u0107eg \u010delika 316 bez navijanja. Izvanredna<\/p>\n","protected":false},"featured_media":5935756,"comment_status":"closed","ping_status":"closed","template":"","meta":[],"product_brand":[3121],"product_cat":[1696,1765],"product_tag":[],"class_list":{"0":"post-3691580","1":"product","2":"type-product","3":"status-publish","4":"has-post-thumbnail","6":"product_brand-marinetech-hr","7":"product_cat-nehrdajuci-kabelski-terminali","8":"product_cat-pribor-i-oprema-za-brodice-i-jedrilice","10":"first","11":"instock","12":"shipping-taxable","13":"purchasable","14":"product-type-simple"},"_links":{"self":[{"href":"https:\/\/stoic-curie.212-227-153-4.plesk.page\/hr\/wp-json\/wp\/v2\/product\/3691580","targetHints":{"allow":["GET"]}}],"collection":[{"href":"https:\/\/stoic-curie.212-227-153-4.plesk.page\/hr\/wp-json\/wp\/v2\/product"}],"about":[{"href":"https:\/\/stoic-curie.212-227-153-4.plesk.page\/hr\/wp-json\/wp\/v2\/types\/product"}],"replies":[{"embeddable":true,"href":"https:\/\/stoic-curie.212-227-153-4.plesk.page\/hr\/wp-json\/wp\/v2\/comments?post=3691580"}],"version-history":[{"count":0,"href":"https:\/\/stoic-curie.212-227-153-4.plesk.page\/hr\/wp-json\/wp\/v2\/product\/3691580\/revisions"}],"wp:featuredmedia":[{"embeddable":true,"href":"https:\/\/stoic-curie.212-227-153-4.plesk.page\/hr\/wp-json\/wp\/v2\/media\/5935756"}],"wp:attachment":[{"href":"https:\/\/stoic-curie.212-227-153-4.plesk.page\/hr\/wp-json\/wp\/v2\/media?parent=3691580"}],"wp:term":[{"taxonomy":"product_brand","embeddable":true,"href":"https:\/\/stoic-curie.212-227-153-4.plesk.page\/hr\/wp-json\/wp\/v2\/product_brand?post=3691580"},{"taxonomy":"product_cat","embeddable":true,"href":"https:\/\/stoic-curie.212-227-153-4.plesk.page\/hr\/wp-json\/wp\/v2\/product_cat?post=3691580"},{"taxonomy":"product_tag","embeddable":true,"href":"https:\/\/stoic-curie.212-227-153-4.plesk.page\/hr\/wp-json\/wp\/v2\/product_tag?post=3691580"}],"curies":[{"name":"wp","href":"https:\/\/api.w.org\/{rel}","templated":true}]}}