{"id":3691582,"date":"2025-10-13T13:47:45","date_gmt":"2025-10-13T17:47:45","guid":{"rendered":"https:\/\/stoic-curie.212-227-153-4.plesk.page\/product\/navlaka-rukohvata-plava-blue-navishell-150-cm\/"},"modified":"2026-02-25T00:01:11","modified_gmt":"2026-02-25T00:01:11","slug":"navlaka-rukohvata-plava-blue-navishell-150-cm","status":"publish","type":"product","link":"https:\/\/stoic-curie.212-227-153-4.plesk.page\/hr\/product\/navlaka-rukohvata-plava-blue-navishell-150-cm\/","title":{"rendered":"Navlaka rukohvata plava Blue Navishell 150 cm"},"content":{"rendered":"<p>Navlaka rukohvata plava Blue Navishell 150 cm &#8211; <\/p>\n<p>Navishell pokriva\u010d za ogradu od akrilnog platna otporan na vodu i UV zrake. Stabilizirana trajna boja ne blijedi i ostaje intenzivna \u010dak i nakon 3 godine neprekidne upotrebe. Opremljen jakim patentnim zatvara\u010dem za lako i sigurno postavljanje.<\/p>\n","protected":false},"excerpt":{"rendered":"<p>Navlaka rukohvata plava Blue Navishell 150 cm &#8211; Navishell pokriva\u010d za ogradu od akrilnog platna otporan na vodu i UV<\/p>\n","protected":false},"featured_media":5944007,"comment_status":"closed","ping_status":"closed","template":"","meta":[],"product_brand":[3176],"product_cat":[1766,1758],"product_tag":[],"class_list":{"0":"post-3691582","1":"product","2":"type-product","3":"status-publish","4":"has-post-thumbnail","6":"product_brand-navishell-hr","7":"product_cat-navlake-i-stitnici-za-jedrilice","8":"product_cat-stupici-jedrilica","10":"first","11":"instock","12":"shipping-taxable","13":"purchasable","14":"product-type-simple"},"_links":{"self":[{"href":"https:\/\/stoic-curie.212-227-153-4.plesk.page\/hr\/wp-json\/wp\/v2\/product\/3691582","targetHints":{"allow":["GET"]}}],"collection":[{"href":"https:\/\/stoic-curie.212-227-153-4.plesk.page\/hr\/wp-json\/wp\/v2\/product"}],"about":[{"href":"https:\/\/stoic-curie.212-227-153-4.plesk.page\/hr\/wp-json\/wp\/v2\/types\/product"}],"replies":[{"embeddable":true,"href":"https:\/\/stoic-curie.212-227-153-4.plesk.page\/hr\/wp-json\/wp\/v2\/comments?post=3691582"}],"version-history":[{"count":0,"href":"https:\/\/stoic-curie.212-227-153-4.plesk.page\/hr\/wp-json\/wp\/v2\/product\/3691582\/revisions"}],"wp:featuredmedia":[{"embeddable":true,"href":"https:\/\/stoic-curie.212-227-153-4.plesk.page\/hr\/wp-json\/wp\/v2\/media\/5944007"}],"wp:attachment":[{"href":"https:\/\/stoic-curie.212-227-153-4.plesk.page\/hr\/wp-json\/wp\/v2\/media?parent=3691582"}],"wp:term":[{"taxonomy":"product_brand","embeddable":true,"href":"https:\/\/stoic-curie.212-227-153-4.plesk.page\/hr\/wp-json\/wp\/v2\/product_brand?post=3691582"},{"taxonomy":"product_cat","embeddable":true,"href":"https:\/\/stoic-curie.212-227-153-4.plesk.page\/hr\/wp-json\/wp\/v2\/product_cat?post=3691582"},{"taxonomy":"product_tag","embeddable":true,"href":"https:\/\/stoic-curie.212-227-153-4.plesk.page\/hr\/wp-json\/wp\/v2\/product_tag?post=3691582"}],"curies":[{"name":"wp","href":"https:\/\/api.w.org\/{rel}","templated":true}]}}