{"id":3691588,"date":"2025-10-13T13:47:47","date_gmt":"2025-10-13T17:47:47","guid":{"rendered":"https:\/\/stoic-curie.212-227-153-4.plesk.page\/product\/remen-za-stezanjet-50-mm-x-85-mt-4000-kg\/"},"modified":"2026-02-25T00:01:11","modified_gmt":"2026-02-25T00:01:11","slug":"remen-za-stezanjet-50-mm-x-85-mt-4000-kg","status":"publish","type":"product","link":"https:\/\/stoic-curie.212-227-153-4.plesk.page\/hr\/product\/remen-za-stezanjet-50-mm-x-85-mt-4000-kg\/","title":{"rendered":"Remen za stezanjet 50 mm x 8,5 mt 4000 kg"},"content":{"rendered":"<p>Remen za stezanjet 50 mm x 8,5 mt 4000 kg &#8211; <\/p>\n<p>Traka s maticom od visokotvrdog poliestera i maticom od \u017eeljeza-kadmija. Idealna za u\u010dvr\u0161\u0107ivanje bilo kojeg tereta na \u010damcima, mostovima, skladi\u0161tima, kolica i vozila. CE oznaka prema EN 12195-2.<\/p>\n","protected":false},"excerpt":{"rendered":"<p>Remen za stezanjet 50 mm x 8,5 mt 4000 kg &#8211; Traka s maticom od visokotvrdog poliestera i maticom od<\/p>\n","protected":false},"featured_media":5945688,"comment_status":"closed","ping_status":"closed","template":"","meta":[],"product_brand":[2891],"product_cat":[1838],"product_tag":[],"class_list":{"0":"post-3691588","1":"product","2":"type-product","3":"status-publish","4":"has-post-thumbnail","6":"product_brand-domar-hr","7":"product_cat-trake-i-remeni-za-pritezanje","9":"first","10":"instock","11":"shipping-taxable","12":"purchasable","13":"product-type-simple"},"_links":{"self":[{"href":"https:\/\/stoic-curie.212-227-153-4.plesk.page\/hr\/wp-json\/wp\/v2\/product\/3691588","targetHints":{"allow":["GET"]}}],"collection":[{"href":"https:\/\/stoic-curie.212-227-153-4.plesk.page\/hr\/wp-json\/wp\/v2\/product"}],"about":[{"href":"https:\/\/stoic-curie.212-227-153-4.plesk.page\/hr\/wp-json\/wp\/v2\/types\/product"}],"replies":[{"embeddable":true,"href":"https:\/\/stoic-curie.212-227-153-4.plesk.page\/hr\/wp-json\/wp\/v2\/comments?post=3691588"}],"version-history":[{"count":0,"href":"https:\/\/stoic-curie.212-227-153-4.plesk.page\/hr\/wp-json\/wp\/v2\/product\/3691588\/revisions"}],"wp:featuredmedia":[{"embeddable":true,"href":"https:\/\/stoic-curie.212-227-153-4.plesk.page\/hr\/wp-json\/wp\/v2\/media\/5945688"}],"wp:attachment":[{"href":"https:\/\/stoic-curie.212-227-153-4.plesk.page\/hr\/wp-json\/wp\/v2\/media?parent=3691588"}],"wp:term":[{"taxonomy":"product_brand","embeddable":true,"href":"https:\/\/stoic-curie.212-227-153-4.plesk.page\/hr\/wp-json\/wp\/v2\/product_brand?post=3691588"},{"taxonomy":"product_cat","embeddable":true,"href":"https:\/\/stoic-curie.212-227-153-4.plesk.page\/hr\/wp-json\/wp\/v2\/product_cat?post=3691588"},{"taxonomy":"product_tag","embeddable":true,"href":"https:\/\/stoic-curie.212-227-153-4.plesk.page\/hr\/wp-json\/wp\/v2\/product_tag?post=3691588"}],"curies":[{"name":"wp","href":"https:\/\/api.w.org\/{rel}","templated":true}]}}