{"id":3691589,"date":"2025-10-13T13:47:47","date_gmt":"2025-10-13T17:47:47","guid":{"rendered":"https:\/\/stoic-curie.212-227-153-4.plesk.page\/product\/zatezac-od-nehrdajuceg-celika-6mt-400kg\/"},"modified":"2026-02-25T00:01:11","modified_gmt":"2026-02-25T00:01:11","slug":"zatezac-od-nehrdajuceg-celika-6mt-400kg","status":"publish","type":"product","link":"https:\/\/stoic-curie.212-227-153-4.plesk.page\/hr\/product\/zatezac-od-nehrdajuceg-celika-6mt-400kg\/","title":{"rendered":"Zateza\u010d od nehr\u0111aju\u0107eg \u010delika 6mt 400kg"},"content":{"rendered":"<p>Zateza\u010d od nehr\u0111aju\u0107eg \u010delika 6mt 400kg &#8211; <\/p>\n<p>Traka s ru\u010dnim zateza\u010dem izra\u0111ena od visokotla\u010dnog poliestera i od nehr\u0111aju\u0107eg \u010delika s rukavima. Idealna za vezivanje tereta na \u010damcima, mostovima, tovarnim prostorima, kolica i vozilima. CE ozna\u010deno prema EN 12195-2.<\/p>\n","protected":false},"excerpt":{"rendered":"<p>Zateza\u010d od nehr\u0111aju\u0107eg \u010delika 6mt 400kg &#8211; Traka s ru\u010dnim zateza\u010dem izra\u0111ena od visokotla\u010dnog poliestera i od nehr\u0111aju\u0107eg \u010delika s<\/p>\n","protected":false},"featured_media":5945691,"comment_status":"closed","ping_status":"closed","template":"","meta":[],"product_brand":[2891],"product_cat":[1838],"product_tag":[],"class_list":{"0":"post-3691589","1":"product","2":"type-product","3":"status-publish","4":"has-post-thumbnail","6":"product_brand-domar-hr","7":"product_cat-trake-i-remeni-za-pritezanje","9":"first","10":"instock","11":"shipping-taxable","12":"purchasable","13":"product-type-simple"},"_links":{"self":[{"href":"https:\/\/stoic-curie.212-227-153-4.plesk.page\/hr\/wp-json\/wp\/v2\/product\/3691589","targetHints":{"allow":["GET"]}}],"collection":[{"href":"https:\/\/stoic-curie.212-227-153-4.plesk.page\/hr\/wp-json\/wp\/v2\/product"}],"about":[{"href":"https:\/\/stoic-curie.212-227-153-4.plesk.page\/hr\/wp-json\/wp\/v2\/types\/product"}],"replies":[{"embeddable":true,"href":"https:\/\/stoic-curie.212-227-153-4.plesk.page\/hr\/wp-json\/wp\/v2\/comments?post=3691589"}],"version-history":[{"count":0,"href":"https:\/\/stoic-curie.212-227-153-4.plesk.page\/hr\/wp-json\/wp\/v2\/product\/3691589\/revisions"}],"wp:featuredmedia":[{"embeddable":true,"href":"https:\/\/stoic-curie.212-227-153-4.plesk.page\/hr\/wp-json\/wp\/v2\/media\/5945691"}],"wp:attachment":[{"href":"https:\/\/stoic-curie.212-227-153-4.plesk.page\/hr\/wp-json\/wp\/v2\/media?parent=3691589"}],"wp:term":[{"taxonomy":"product_brand","embeddable":true,"href":"https:\/\/stoic-curie.212-227-153-4.plesk.page\/hr\/wp-json\/wp\/v2\/product_brand?post=3691589"},{"taxonomy":"product_cat","embeddable":true,"href":"https:\/\/stoic-curie.212-227-153-4.plesk.page\/hr\/wp-json\/wp\/v2\/product_cat?post=3691589"},{"taxonomy":"product_tag","embeddable":true,"href":"https:\/\/stoic-curie.212-227-153-4.plesk.page\/hr\/wp-json\/wp\/v2\/product_tag?post=3691589"}],"curies":[{"name":"wp","href":"https:\/\/api.w.org\/{rel}","templated":true}]}}