{"id":3691620,"date":"2025-10-13T13:47:57","date_gmt":"2025-10-13T17:47:57","guid":{"rendered":"https:\/\/stoic-curie.212-227-153-4.plesk.page\/product\/adaptativna-ploca-za-lombardini-anode\/"},"modified":"2026-02-25T00:01:11","modified_gmt":"2026-02-25T00:01:11","slug":"adaptativna-ploca-za-lombardini-anode","status":"publish","type":"product","link":"https:\/\/stoic-curie.212-227-153-4.plesk.page\/hr\/product\/adaptativna-ploca-za-lombardini-anode\/","title":{"rendered":"Adaptativna ploca za Lombardini Anode"},"content":{"rendered":"<p>Adaptativna ploca za Lombardini Anode &#8211; <\/p>\n<p>Anoda okvira za Lombardini Sail-Drive motore. Adapter plo\u010da od nehr\u0111aju\u0107eg \u010delika koristi se za monta\u017eu dvodijelnih okvira u rupici na mjestu starog jednodijelnog okvira.<\/p>\n","protected":false},"excerpt":{"rendered":"<p>Adaptativna ploca za Lombardini Anode &#8211; Anoda okvira za Lombardini Sail-Drive motore. Adapter plo\u010da od nehr\u0111aju\u0107eg \u010delika koristi se za<\/p>\n","protected":false},"featured_media":5945760,"comment_status":"closed","ping_status":"closed","template":"","meta":[],"product_brand":[3476],"product_cat":[1636],"product_tag":[],"class_list":{"0":"post-3691620","1":"product","2":"type-product","3":"status-publish","4":"has-post-thumbnail","6":"product_brand-tecnoseal-hr","7":"product_cat-anode-za-propelere","9":"first","10":"instock","11":"shipping-taxable","12":"purchasable","13":"product-type-simple"},"_links":{"self":[{"href":"https:\/\/stoic-curie.212-227-153-4.plesk.page\/hr\/wp-json\/wp\/v2\/product\/3691620","targetHints":{"allow":["GET"]}}],"collection":[{"href":"https:\/\/stoic-curie.212-227-153-4.plesk.page\/hr\/wp-json\/wp\/v2\/product"}],"about":[{"href":"https:\/\/stoic-curie.212-227-153-4.plesk.page\/hr\/wp-json\/wp\/v2\/types\/product"}],"replies":[{"embeddable":true,"href":"https:\/\/stoic-curie.212-227-153-4.plesk.page\/hr\/wp-json\/wp\/v2\/comments?post=3691620"}],"version-history":[{"count":0,"href":"https:\/\/stoic-curie.212-227-153-4.plesk.page\/hr\/wp-json\/wp\/v2\/product\/3691620\/revisions"}],"wp:featuredmedia":[{"embeddable":true,"href":"https:\/\/stoic-curie.212-227-153-4.plesk.page\/hr\/wp-json\/wp\/v2\/media\/5945760"}],"wp:attachment":[{"href":"https:\/\/stoic-curie.212-227-153-4.plesk.page\/hr\/wp-json\/wp\/v2\/media?parent=3691620"}],"wp:term":[{"taxonomy":"product_brand","embeddable":true,"href":"https:\/\/stoic-curie.212-227-153-4.plesk.page\/hr\/wp-json\/wp\/v2\/product_brand?post=3691620"},{"taxonomy":"product_cat","embeddable":true,"href":"https:\/\/stoic-curie.212-227-153-4.plesk.page\/hr\/wp-json\/wp\/v2\/product_cat?post=3691620"},{"taxonomy":"product_tag","embeddable":true,"href":"https:\/\/stoic-curie.212-227-153-4.plesk.page\/hr\/wp-json\/wp\/v2\/product_tag?post=3691620"}],"curies":[{"name":"wp","href":"https:\/\/api.w.org\/{rel}","templated":true}]}}