{"id":3691646,"date":"2025-10-13T13:48:05","date_gmt":"2025-10-13T17:48:05","guid":{"rendered":"https:\/\/stoic-curie.212-227-153-4.plesk.page\/product\/maska-3m-4000-ffa1p2\/"},"modified":"2026-02-25T00:01:11","modified_gmt":"2026-02-25T00:01:11","slug":"maska-3m-4000-ffa1p2","status":"publish","type":"product","link":"https:\/\/stoic-curie.212-227-153-4.plesk.page\/hr\/product\/maska-3m-4000-ffa1p2\/","title":{"rendered":"Maska 3M 4000 FFA1P2"},"content":{"rendered":"<p>Maska 3M 4000 FFA1P2 &#8211; <\/p>\n<p>3M 4000 plinska maska opremljena je integriranim parom aktivnih ugljikovih filtara za pare, \u0161tetne \u010destice i plinove prisutne u pomorskom sektoru. Izra\u0111ena od lakog hipoalergenog materijala s anatomskim remenom i jednostavnim zatvara\u010dem. Osmi\u0161ljena je s pobolj\u0161anim perifernim vidom. Opremljena parabolnom ventilom koji smanjuje nakupljanje topline za lak\u0161e disanje. U skladu s EN405:2001 CE.<\/p>\n","protected":false},"excerpt":{"rendered":"<p>Maska 3M 4000 FFA1P2 &#8211; 3M 4000 plinska maska opremljena je integriranim parom aktivnih ugljikovih filtara za pare, \u0161tetne \u010destice<\/p>\n","protected":false},"featured_media":5945858,"comment_status":"closed","ping_status":"closed","template":"","meta":[],"product_brand":[2771],"product_cat":[1632],"product_tag":[],"class_list":{"0":"post-3691646","1":"product","2":"type-product","3":"status-publish","4":"has-post-thumbnail","6":"product_brand-3m-marine-hr","7":"product_cat-alati-za-bojanje","9":"first","10":"instock","11":"shipping-taxable","12":"purchasable","13":"product-type-simple"},"_links":{"self":[{"href":"https:\/\/stoic-curie.212-227-153-4.plesk.page\/hr\/wp-json\/wp\/v2\/product\/3691646","targetHints":{"allow":["GET"]}}],"collection":[{"href":"https:\/\/stoic-curie.212-227-153-4.plesk.page\/hr\/wp-json\/wp\/v2\/product"}],"about":[{"href":"https:\/\/stoic-curie.212-227-153-4.plesk.page\/hr\/wp-json\/wp\/v2\/types\/product"}],"replies":[{"embeddable":true,"href":"https:\/\/stoic-curie.212-227-153-4.plesk.page\/hr\/wp-json\/wp\/v2\/comments?post=3691646"}],"version-history":[{"count":0,"href":"https:\/\/stoic-curie.212-227-153-4.plesk.page\/hr\/wp-json\/wp\/v2\/product\/3691646\/revisions"}],"wp:featuredmedia":[{"embeddable":true,"href":"https:\/\/stoic-curie.212-227-153-4.plesk.page\/hr\/wp-json\/wp\/v2\/media\/5945858"}],"wp:attachment":[{"href":"https:\/\/stoic-curie.212-227-153-4.plesk.page\/hr\/wp-json\/wp\/v2\/media?parent=3691646"}],"wp:term":[{"taxonomy":"product_brand","embeddable":true,"href":"https:\/\/stoic-curie.212-227-153-4.plesk.page\/hr\/wp-json\/wp\/v2\/product_brand?post=3691646"},{"taxonomy":"product_cat","embeddable":true,"href":"https:\/\/stoic-curie.212-227-153-4.plesk.page\/hr\/wp-json\/wp\/v2\/product_cat?post=3691646"},{"taxonomy":"product_tag","embeddable":true,"href":"https:\/\/stoic-curie.212-227-153-4.plesk.page\/hr\/wp-json\/wp\/v2\/product_tag?post=3691646"}],"curies":[{"name":"wp","href":"https:\/\/api.w.org\/{rel}","templated":true}]}}