{"id":3691651,"date":"2025-10-13T13:48:07","date_gmt":"2025-10-13T17:48:07","guid":{"rendered":"https:\/\/stoic-curie.212-227-153-4.plesk.page\/product\/melaminske-salice-mb-harmony-aqua-6-kom\/"},"modified":"2026-02-25T00:01:11","modified_gmt":"2026-02-25T00:01:11","slug":"melaminske-salice-mb-harmony-aqua-6-kom","status":"publish","type":"product","link":"https:\/\/stoic-curie.212-227-153-4.plesk.page\/hr\/product\/melaminske-salice-mb-harmony-aqua-6-kom\/","title":{"rendered":"Melaminske \u0161alice MB Harmony Aqua 6 kom."},"content":{"rendered":"<p>Melaminske \u0161alice MB Harmony Aqua 6 kom. &#8211; <\/p>\n<p>\u0160alica u Harmony Aqua stilu. Napravljena od 100% certificiranog melamina sigurnog za hranu. Periva u perilici posu\u0111a, neuni\u0161tiva i otporna na mrlje. 6 komada u pakiranju.<\/p>\n","protected":false},"excerpt":{"rendered":"<p>Melaminske \u0161alice MB Harmony Aqua 6 kom. &#8211; \u0160alica u Harmony Aqua stilu. Napravljena od 100% certificiranog melamina sigurnog za<\/p>\n","protected":false},"featured_media":5945872,"comment_status":"closed","ping_status":"closed","template":"","meta":[],"product_brand":[3111],"product_cat":[1645],"product_tag":[],"class_list":{"0":"post-3691651","1":"product","2":"type-product","3":"status-publish","4":"has-post-thumbnail","6":"product_brand-marine-business-mb-hr","7":"product_cat-brodsko-posude","9":"first","10":"instock","11":"shipping-taxable","12":"purchasable","13":"product-type-simple"},"_links":{"self":[{"href":"https:\/\/stoic-curie.212-227-153-4.plesk.page\/hr\/wp-json\/wp\/v2\/product\/3691651","targetHints":{"allow":["GET"]}}],"collection":[{"href":"https:\/\/stoic-curie.212-227-153-4.plesk.page\/hr\/wp-json\/wp\/v2\/product"}],"about":[{"href":"https:\/\/stoic-curie.212-227-153-4.plesk.page\/hr\/wp-json\/wp\/v2\/types\/product"}],"replies":[{"embeddable":true,"href":"https:\/\/stoic-curie.212-227-153-4.plesk.page\/hr\/wp-json\/wp\/v2\/comments?post=3691651"}],"version-history":[{"count":0,"href":"https:\/\/stoic-curie.212-227-153-4.plesk.page\/hr\/wp-json\/wp\/v2\/product\/3691651\/revisions"}],"wp:featuredmedia":[{"embeddable":true,"href":"https:\/\/stoic-curie.212-227-153-4.plesk.page\/hr\/wp-json\/wp\/v2\/media\/5945872"}],"wp:attachment":[{"href":"https:\/\/stoic-curie.212-227-153-4.plesk.page\/hr\/wp-json\/wp\/v2\/media?parent=3691651"}],"wp:term":[{"taxonomy":"product_brand","embeddable":true,"href":"https:\/\/stoic-curie.212-227-153-4.plesk.page\/hr\/wp-json\/wp\/v2\/product_brand?post=3691651"},{"taxonomy":"product_cat","embeddable":true,"href":"https:\/\/stoic-curie.212-227-153-4.plesk.page\/hr\/wp-json\/wp\/v2\/product_cat?post=3691651"},{"taxonomy":"product_tag","embeddable":true,"href":"https:\/\/stoic-curie.212-227-153-4.plesk.page\/hr\/wp-json\/wp\/v2\/product_tag?post=3691651"}],"curies":[{"name":"wp","href":"https:\/\/api.w.org\/{rel}","templated":true}]}}