{"id":3691652,"date":"2025-10-13T13:48:07","date_gmt":"2025-10-13T17:48:07","guid":{"rendered":"https:\/\/stoic-curie.212-227-153-4.plesk.page\/product\/salica-za-kavu-s-mb-harmony-aqua-6pz-plocom\/"},"modified":"2026-02-25T00:01:11","modified_gmt":"2026-02-25T00:01:11","slug":"salica-za-kavu-s-mb-harmony-aqua-6pz-plocom","status":"publish","type":"product","link":"https:\/\/stoic-curie.212-227-153-4.plesk.page\/hr\/product\/salica-za-kavu-s-mb-harmony-aqua-6pz-plocom\/","title":{"rendered":"\u0160alica za kavu s MB Harmony Aqua 6PZ plocom"},"content":{"rendered":"<p>\u0160alica za kavu s MB Harmony Aqua 6PZ plocom &#8211; <\/p>\n<p>Espresso \u0161alica u Harmony Aqua stilu s tanjuri\u0107em. Izra\u0111ena od 100% certificirane hrane sigurne melamine. Periva u perilici posu\u0111a, neuni\u0161tiva i otporna na mrlje. 6 kom\/pak.<\/p>\n","protected":false},"excerpt":{"rendered":"<p>\u0160alica za kavu s MB Harmony Aqua 6PZ plocom &#8211; Espresso \u0161alica u Harmony Aqua stilu s tanjuri\u0107em. Izra\u0111ena od<\/p>\n","protected":false},"featured_media":5945874,"comment_status":"closed","ping_status":"closed","template":"","meta":[],"product_brand":[3111],"product_cat":[1645],"product_tag":[],"class_list":{"0":"post-3691652","1":"product","2":"type-product","3":"status-publish","4":"has-post-thumbnail","6":"product_brand-marine-business-mb-hr","7":"product_cat-brodsko-posude","9":"first","10":"instock","11":"shipping-taxable","12":"purchasable","13":"product-type-simple"},"_links":{"self":[{"href":"https:\/\/stoic-curie.212-227-153-4.plesk.page\/hr\/wp-json\/wp\/v2\/product\/3691652","targetHints":{"allow":["GET"]}}],"collection":[{"href":"https:\/\/stoic-curie.212-227-153-4.plesk.page\/hr\/wp-json\/wp\/v2\/product"}],"about":[{"href":"https:\/\/stoic-curie.212-227-153-4.plesk.page\/hr\/wp-json\/wp\/v2\/types\/product"}],"replies":[{"embeddable":true,"href":"https:\/\/stoic-curie.212-227-153-4.plesk.page\/hr\/wp-json\/wp\/v2\/comments?post=3691652"}],"version-history":[{"count":0,"href":"https:\/\/stoic-curie.212-227-153-4.plesk.page\/hr\/wp-json\/wp\/v2\/product\/3691652\/revisions"}],"wp:featuredmedia":[{"embeddable":true,"href":"https:\/\/stoic-curie.212-227-153-4.plesk.page\/hr\/wp-json\/wp\/v2\/media\/5945874"}],"wp:attachment":[{"href":"https:\/\/stoic-curie.212-227-153-4.plesk.page\/hr\/wp-json\/wp\/v2\/media?parent=3691652"}],"wp:term":[{"taxonomy":"product_brand","embeddable":true,"href":"https:\/\/stoic-curie.212-227-153-4.plesk.page\/hr\/wp-json\/wp\/v2\/product_brand?post=3691652"},{"taxonomy":"product_cat","embeddable":true,"href":"https:\/\/stoic-curie.212-227-153-4.plesk.page\/hr\/wp-json\/wp\/v2\/product_cat?post=3691652"},{"taxonomy":"product_tag","embeddable":true,"href":"https:\/\/stoic-curie.212-227-153-4.plesk.page\/hr\/wp-json\/wp\/v2\/product_tag?post=3691652"}],"curies":[{"name":"wp","href":"https:\/\/api.w.org\/{rel}","templated":true}]}}