{"id":3691668,"date":"2025-10-13T13:48:12","date_gmt":"2025-10-13T17:48:12","guid":{"rendered":"https:\/\/stoic-curie.212-227-153-4.plesk.page\/product\/automatska-kaljuzna-pumpa-ocean-laguna-500-gph-12v\/"},"modified":"2026-02-25T00:01:11","modified_gmt":"2026-02-25T00:01:11","slug":"automatska-kaljuzna-pumpa-ocean-laguna-500-gph-12v","status":"publish","type":"product","link":"https:\/\/stoic-curie.212-227-153-4.plesk.page\/hr\/product\/automatska-kaljuzna-pumpa-ocean-laguna-500-gph-12v\/","title":{"rendered":"Automatska kalju\u017ena pumpa Ocean laguna 500 GPH 12V"},"content":{"rendered":"<p>Automatska kalju\u017ena pumpa Ocean laguna 500 GPH 12V &#8211; <\/p>\n<p>Automatska izbaciva\u010d vode Ocean Laguna, koja se automatski aktivira kada se otkrije voda u \u010damcu. Vodeno hla\u0111eni elektromotor za ve\u0107u trajnost. Osnova filtra mo\u017ee se otvoriti radi lak\u0161eg \u010di\u0161\u0107enja.<\/p>\n","protected":false},"excerpt":{"rendered":"<p>Automatska kalju\u017ena pumpa Ocean laguna 500 GPH 12V &#8211; Automatska izbaciva\u010d vode Ocean Laguna, koja se automatski aktivira kada se<\/p>\n","protected":false},"featured_media":5941051,"comment_status":"closed","ping_status":"closed","template":"","meta":[],"product_brand":[3141],"product_cat":[1659],"product_tag":[],"class_list":{"0":"post-3691668","1":"product","2":"type-product","3":"status-publish","4":"has-post-thumbnail","6":"product_brand-matromarine-hr","7":"product_cat-elektricne-kaljuzne-pumpe","9":"first","10":"instock","11":"shipping-taxable","12":"purchasable","13":"product-type-simple"},"_links":{"self":[{"href":"https:\/\/stoic-curie.212-227-153-4.plesk.page\/hr\/wp-json\/wp\/v2\/product\/3691668","targetHints":{"allow":["GET"]}}],"collection":[{"href":"https:\/\/stoic-curie.212-227-153-4.plesk.page\/hr\/wp-json\/wp\/v2\/product"}],"about":[{"href":"https:\/\/stoic-curie.212-227-153-4.plesk.page\/hr\/wp-json\/wp\/v2\/types\/product"}],"replies":[{"embeddable":true,"href":"https:\/\/stoic-curie.212-227-153-4.plesk.page\/hr\/wp-json\/wp\/v2\/comments?post=3691668"}],"version-history":[{"count":0,"href":"https:\/\/stoic-curie.212-227-153-4.plesk.page\/hr\/wp-json\/wp\/v2\/product\/3691668\/revisions"}],"wp:featuredmedia":[{"embeddable":true,"href":"https:\/\/stoic-curie.212-227-153-4.plesk.page\/hr\/wp-json\/wp\/v2\/media\/5941051"}],"wp:attachment":[{"href":"https:\/\/stoic-curie.212-227-153-4.plesk.page\/hr\/wp-json\/wp\/v2\/media?parent=3691668"}],"wp:term":[{"taxonomy":"product_brand","embeddable":true,"href":"https:\/\/stoic-curie.212-227-153-4.plesk.page\/hr\/wp-json\/wp\/v2\/product_brand?post=3691668"},{"taxonomy":"product_cat","embeddable":true,"href":"https:\/\/stoic-curie.212-227-153-4.plesk.page\/hr\/wp-json\/wp\/v2\/product_cat?post=3691668"},{"taxonomy":"product_tag","embeddable":true,"href":"https:\/\/stoic-curie.212-227-153-4.plesk.page\/hr\/wp-json\/wp\/v2\/product_tag?post=3691668"}],"curies":[{"name":"wp","href":"https:\/\/api.w.org\/{rel}","templated":true}]}}