{"id":3691670,"date":"2025-10-13T13:48:12","date_gmt":"2025-10-13T17:48:12","guid":{"rendered":"https:\/\/stoic-curie.212-227-153-4.plesk.page\/product\/windex-dinghy\/"},"modified":"2026-02-25T00:01:11","modified_gmt":"2026-02-25T00:01:11","slug":"windex-dinghy","status":"publish","type":"product","link":"https:\/\/stoic-curie.212-227-153-4.plesk.page\/hr\/product\/windex-dinghy\/","title":{"rendered":"Windex Dinghy"},"content":{"rendered":"<p>Windex Dinghy &#8211; <\/p>\n<p>Windex pokaziva\u010d smjera vjetra pru\u017ea to\u010dne informacije o smjeru vjetra. Ovjes na rubinskim le\u017eajevima, referentne oznake koje se lome s donje strane i podesive prema kutu vjetra. Opcionalna LED no\u0107na svjetlost za sve modele, opcionalni pti\u010dji \u0161iljak samo za model od 15 in\u010da.<\/p>\n","protected":false},"excerpt":{"rendered":"<p>Windex Dinghy &#8211; Windex pokaziva\u010d smjera vjetra pru\u017ea to\u010dne informacije o smjeru vjetra. Ovjes na rubinskim le\u017eajevima, referentne oznake koje<\/p>\n","protected":false},"featured_media":5939529,"comment_status":"closed","ping_status":"closed","template":"","meta":[],"product_brand":[3541],"product_cat":[1771,1776],"product_tag":[],"class_list":{"0":"post-3691670","1":"product","2":"type-product","3":"status-publish","4":"has-post-thumbnail","6":"product_brand-windex-hr","7":"product_cat-oprema-za-jedrilice-oprema-za-jedrilice","8":"product_cat-oprema-za-signalizaciju","10":"first","11":"instock","12":"shipping-taxable","13":"purchasable","14":"product-type-simple"},"_links":{"self":[{"href":"https:\/\/stoic-curie.212-227-153-4.plesk.page\/hr\/wp-json\/wp\/v2\/product\/3691670","targetHints":{"allow":["GET"]}}],"collection":[{"href":"https:\/\/stoic-curie.212-227-153-4.plesk.page\/hr\/wp-json\/wp\/v2\/product"}],"about":[{"href":"https:\/\/stoic-curie.212-227-153-4.plesk.page\/hr\/wp-json\/wp\/v2\/types\/product"}],"replies":[{"embeddable":true,"href":"https:\/\/stoic-curie.212-227-153-4.plesk.page\/hr\/wp-json\/wp\/v2\/comments?post=3691670"}],"version-history":[{"count":0,"href":"https:\/\/stoic-curie.212-227-153-4.plesk.page\/hr\/wp-json\/wp\/v2\/product\/3691670\/revisions"}],"wp:featuredmedia":[{"embeddable":true,"href":"https:\/\/stoic-curie.212-227-153-4.plesk.page\/hr\/wp-json\/wp\/v2\/media\/5939529"}],"wp:attachment":[{"href":"https:\/\/stoic-curie.212-227-153-4.plesk.page\/hr\/wp-json\/wp\/v2\/media?parent=3691670"}],"wp:term":[{"taxonomy":"product_brand","embeddable":true,"href":"https:\/\/stoic-curie.212-227-153-4.plesk.page\/hr\/wp-json\/wp\/v2\/product_brand?post=3691670"},{"taxonomy":"product_cat","embeddable":true,"href":"https:\/\/stoic-curie.212-227-153-4.plesk.page\/hr\/wp-json\/wp\/v2\/product_cat?post=3691670"},{"taxonomy":"product_tag","embeddable":true,"href":"https:\/\/stoic-curie.212-227-153-4.plesk.page\/hr\/wp-json\/wp\/v2\/product_tag?post=3691670"}],"curies":[{"name":"wp","href":"https:\/\/api.w.org\/{rel}","templated":true}]}}