{"id":3691677,"date":"2025-10-13T13:48:14","date_gmt":"2025-10-13T17:48:14","guid":{"rendered":"https:\/\/stoic-curie.212-227-153-4.plesk.page\/product\/vodootporna-torbica-aquapac-za-telefon-195-x-115-x-160-mm\/"},"modified":"2026-02-25T00:01:11","modified_gmt":"2026-02-25T00:01:11","slug":"vodootporna-torbica-aquapac-za-telefon-195-x-115-x-160-mm","status":"publish","type":"product","link":"https:\/\/stoic-curie.212-227-153-4.plesk.page\/hr\/product\/vodootporna-torbica-aquapac-za-telefon-195-x-115-x-160-mm\/","title":{"rendered":"Vodootporna torbica Aquapac za telefon 195 x 115 x 160 mm"},"content":{"rendered":"<p>Vodootporna torbica Aquapac za telefon 195 x 115 x 160 mm &#8211; <\/p>\n<p>Vodootporna podvodna torbica za pametne telefone do 10 m. Dvostruki Lenzlex prozorski le\u0107a omogu\u0107uje snimanje sjajnih fotografija ispod vode ili iznad, dr\u017ee\u0107i pametni telefon potpuno siguran. Sve tipke, funkcije i dodirna povr\u0161ina normalno rade kroz torbicu. Uklju\u010duje remen.<\/p>\n","protected":false},"excerpt":{"rendered":"<p>Vodootporna torbica Aquapac za telefon 195 x 115 x 160 mm &#8211; Vodootporna podvodna torbica za pametne telefone do 10<\/p>\n","protected":false},"featured_media":5945906,"comment_status":"closed","ping_status":"closed","template":"","meta":[],"product_brand":[2796],"product_cat":[1855],"product_tag":[],"class_list":{"0":"post-3691677","1":"product","2":"type-product","3":"status-publish","4":"has-post-thumbnail","6":"product_brand-aquapac-hr","7":"product_cat-suhe-torbe","9":"first","10":"instock","11":"shipping-taxable","12":"purchasable","13":"product-type-simple"},"_links":{"self":[{"href":"https:\/\/stoic-curie.212-227-153-4.plesk.page\/hr\/wp-json\/wp\/v2\/product\/3691677","targetHints":{"allow":["GET"]}}],"collection":[{"href":"https:\/\/stoic-curie.212-227-153-4.plesk.page\/hr\/wp-json\/wp\/v2\/product"}],"about":[{"href":"https:\/\/stoic-curie.212-227-153-4.plesk.page\/hr\/wp-json\/wp\/v2\/types\/product"}],"replies":[{"embeddable":true,"href":"https:\/\/stoic-curie.212-227-153-4.plesk.page\/hr\/wp-json\/wp\/v2\/comments?post=3691677"}],"version-history":[{"count":0,"href":"https:\/\/stoic-curie.212-227-153-4.plesk.page\/hr\/wp-json\/wp\/v2\/product\/3691677\/revisions"}],"wp:featuredmedia":[{"embeddable":true,"href":"https:\/\/stoic-curie.212-227-153-4.plesk.page\/hr\/wp-json\/wp\/v2\/media\/5945906"}],"wp:attachment":[{"href":"https:\/\/stoic-curie.212-227-153-4.plesk.page\/hr\/wp-json\/wp\/v2\/media?parent=3691677"}],"wp:term":[{"taxonomy":"product_brand","embeddable":true,"href":"https:\/\/stoic-curie.212-227-153-4.plesk.page\/hr\/wp-json\/wp\/v2\/product_brand?post=3691677"},{"taxonomy":"product_cat","embeddable":true,"href":"https:\/\/stoic-curie.212-227-153-4.plesk.page\/hr\/wp-json\/wp\/v2\/product_cat?post=3691677"},{"taxonomy":"product_tag","embeddable":true,"href":"https:\/\/stoic-curie.212-227-153-4.plesk.page\/hr\/wp-json\/wp\/v2\/product_tag?post=3691677"}],"curies":[{"name":"wp","href":"https:\/\/api.w.org\/{rel}","templated":true}]}}