{"id":3691684,"date":"2025-10-13T13:48:16","date_gmt":"2025-10-13T17:48:16","guid":{"rendered":"https:\/\/stoic-curie.212-227-153-4.plesk.page\/product\/odobreni-brodski-plasticni-spremnici-za-gorivo-10lt\/"},"modified":"2026-02-25T00:01:11","modified_gmt":"2026-02-25T00:01:11","slug":"odobreni-brodski-plasticni-spremnici-za-gorivo-10lt","status":"publish","type":"product","link":"https:\/\/stoic-curie.212-227-153-4.plesk.page\/hr\/product\/odobreni-brodski-plasticni-spremnici-za-gorivo-10lt\/","title":{"rendered":"Odobreni brodski plasti\u010dni spremnici za gorivo 10lt"},"content":{"rendered":"<p>Odobreni brodski plasti\u010dni spremnici za gorivo 10lt &#8211; <\/p>\n<p>Plasti\u010dne kante za gorivo koje su izra\u0111ene u skladu s europskim &#8220;UN&#8221; pravilima. Opremljene fleksibilnom pipom.<\/p>\n","protected":false},"excerpt":{"rendered":"<p>Odobreni brodski plasti\u010dni spremnici za gorivo 10lt &#8211; Plasti\u010dne kante za gorivo koje su izra\u0111ene u skladu s europskim &#8220;UN&#8221;<\/p>\n","protected":false},"featured_media":5945918,"comment_status":"closed","ping_status":"closed","template":"","meta":[],"product_brand":[3211],"product_cat":[1827,1800],"product_tag":[],"class_list":{"0":"post-3691684","1":"product","2":"type-product","3":"status-publish","4":"has-post-thumbnail","6":"product_brand-nuova-rade-hr","7":"product_cat-dodatna-oprema-za-vanbrodske-motore","8":"product_cat-spremnici-goriva","10":"first","11":"instock","12":"shipping-taxable","13":"purchasable","14":"product-type-simple"},"_links":{"self":[{"href":"https:\/\/stoic-curie.212-227-153-4.plesk.page\/hr\/wp-json\/wp\/v2\/product\/3691684","targetHints":{"allow":["GET"]}}],"collection":[{"href":"https:\/\/stoic-curie.212-227-153-4.plesk.page\/hr\/wp-json\/wp\/v2\/product"}],"about":[{"href":"https:\/\/stoic-curie.212-227-153-4.plesk.page\/hr\/wp-json\/wp\/v2\/types\/product"}],"replies":[{"embeddable":true,"href":"https:\/\/stoic-curie.212-227-153-4.plesk.page\/hr\/wp-json\/wp\/v2\/comments?post=3691684"}],"version-history":[{"count":0,"href":"https:\/\/stoic-curie.212-227-153-4.plesk.page\/hr\/wp-json\/wp\/v2\/product\/3691684\/revisions"}],"wp:featuredmedia":[{"embeddable":true,"href":"https:\/\/stoic-curie.212-227-153-4.plesk.page\/hr\/wp-json\/wp\/v2\/media\/5945918"}],"wp:attachment":[{"href":"https:\/\/stoic-curie.212-227-153-4.plesk.page\/hr\/wp-json\/wp\/v2\/media?parent=3691684"}],"wp:term":[{"taxonomy":"product_brand","embeddable":true,"href":"https:\/\/stoic-curie.212-227-153-4.plesk.page\/hr\/wp-json\/wp\/v2\/product_brand?post=3691684"},{"taxonomy":"product_cat","embeddable":true,"href":"https:\/\/stoic-curie.212-227-153-4.plesk.page\/hr\/wp-json\/wp\/v2\/product_cat?post=3691684"},{"taxonomy":"product_tag","embeddable":true,"href":"https:\/\/stoic-curie.212-227-153-4.plesk.page\/hr\/wp-json\/wp\/v2\/product_tag?post=3691684"}],"curies":[{"name":"wp","href":"https:\/\/api.w.org\/{rel}","templated":true}]}}