{"id":3691685,"date":"2025-10-13T13:48:17","date_gmt":"2025-10-13T17:48:17","guid":{"rendered":"https:\/\/stoic-curie.212-227-153-4.plesk.page\/product\/bijela-vatrogasna-vrata-za-aparate-za-gasenje-pozara-45mm-izrez-68mm-od\/"},"modified":"2026-02-25T00:01:11","modified_gmt":"2026-02-25T00:01:11","slug":"bijela-vatrogasna-vrata-za-aparate-za-gasenje-pozara-45mm-izrez-68mm-od","status":"publish","type":"product","link":"https:\/\/stoic-curie.212-227-153-4.plesk.page\/hr\/product\/bijela-vatrogasna-vrata-za-aparate-za-gasenje-pozara-45mm-izrez-68mm-od\/","title":{"rendered":"Bijela vatrogasna vrata za aparate za ga\u0161enje po\u017eara (45mm Izrez, 68mm OD)"},"content":{"rendered":"<p>Bijela vatrogasna vrata za aparate za ga\u0161enje po\u017eara (45mm Izrez, 68mm OD) &#8211; <\/p>\n<div class=\"col-24 col-md-15\">\n<p>Vatrogasni port pru\u017ea jeftino rje\u0161enje za za\u0161titu va\u0161ih putnika i posade na brodu omogu\u0107uju\u0107i vam vizualnu inspekciju i ispu\u0161tanje aparata za ga\u0161enje po\u017eara u strojarnici ili bilo kojoj drugoj zatvorenoj prostoriji kada je po\u017ear prisutan. Vatrogasni port dolazi sa bijelim plasti\u010dnim rubom, vodonepropusnom prozirnom inspekcijskom to\u010dkom i bijelom plasti\u010dnom maticom za monta\u017eu.<\/p>\n<p>U slu\u010daju po\u017eara, jednostavno postavljanje mlaznice aparata za ga\u0161enje po\u017eara kroz vatrogasni port i ispu\u0161tanje omogu\u0107uje ga\u0161enje po\u017eara bez otvaranja dodatnih inspekcijskih prozora, \u0161to mo\u017ee dodati dodatni kisik u plamen i pove\u0107ati rizik. Budu\u0107i da se vatrogasni port mo\u017ee koristiti bez otvaranja dodatnih prozora, to omogu\u0107ava sadr\u017eaju aparata za ga\u0161enje da cilja samo na zahva\u0107eno podru\u010dje bez raspr\u0161ivanja u drugim dijelovima broda.<\/p>\n<p>Instalacija vatrogasnog porta je toplo preporu\u010dena od strane CE i A.B.Y.C. pravila i mo\u017ee se lako instalirati jednostavnim rezanjem potrebne veli\u010dine od 38 mm.<\/p>\n<\/div>\n<p><\/p>\n<table class=\"table\">\n<tbody>\n<tr>\n<td><strong>Boja<\/strong><\/td>\n<td>Bijela<\/td>\n<\/tr>\n<tr>\n<td><strong>Izrada<\/strong><\/td>\n<td>Plasti\u010dni rub, matica za monta\u017eu i PVC membrana<\/td>\n<\/tr>\n<tr>\n<td><strong>Promjer<\/strong><\/td>\n<td>Rez: 45 mm (1.8&#8243;), OD: 68 mm (2.7&#8243;)<\/td>\n<\/tr>\n<\/tbody>\n<\/table>\n","protected":false},"excerpt":{"rendered":"<p>Bijela vatrogasna vrata za aparate za ga\u0161enje po\u017eara (45mm Izrez, 68mm OD) &#8211; Vatrogasni port pru\u017ea jeftino rje\u0161enje za za\u0161titu<\/p>\n","protected":false},"featured_media":5945919,"comment_status":"closed","ping_status":"closed","template":"","meta":[],"product_brand":[2861],"product_cat":[1600],"product_tag":[],"class_list":{"0":"post-3691685","1":"product","2":"type-product","3":"status-publish","4":"has-post-thumbnail","6":"product_brand-ceredi-hr","7":"product_cat-brodski-aparati-za-gasenje-pozara","9":"first","10":"instock","11":"shipping-taxable","12":"purchasable","13":"product-type-simple"},"_links":{"self":[{"href":"https:\/\/stoic-curie.212-227-153-4.plesk.page\/hr\/wp-json\/wp\/v2\/product\/3691685","targetHints":{"allow":["GET"]}}],"collection":[{"href":"https:\/\/stoic-curie.212-227-153-4.plesk.page\/hr\/wp-json\/wp\/v2\/product"}],"about":[{"href":"https:\/\/stoic-curie.212-227-153-4.plesk.page\/hr\/wp-json\/wp\/v2\/types\/product"}],"replies":[{"embeddable":true,"href":"https:\/\/stoic-curie.212-227-153-4.plesk.page\/hr\/wp-json\/wp\/v2\/comments?post=3691685"}],"version-history":[{"count":0,"href":"https:\/\/stoic-curie.212-227-153-4.plesk.page\/hr\/wp-json\/wp\/v2\/product\/3691685\/revisions"}],"wp:featuredmedia":[{"embeddable":true,"href":"https:\/\/stoic-curie.212-227-153-4.plesk.page\/hr\/wp-json\/wp\/v2\/media\/5945919"}],"wp:attachment":[{"href":"https:\/\/stoic-curie.212-227-153-4.plesk.page\/hr\/wp-json\/wp\/v2\/media?parent=3691685"}],"wp:term":[{"taxonomy":"product_brand","embeddable":true,"href":"https:\/\/stoic-curie.212-227-153-4.plesk.page\/hr\/wp-json\/wp\/v2\/product_brand?post=3691685"},{"taxonomy":"product_cat","embeddable":true,"href":"https:\/\/stoic-curie.212-227-153-4.plesk.page\/hr\/wp-json\/wp\/v2\/product_cat?post=3691685"},{"taxonomy":"product_tag","embeddable":true,"href":"https:\/\/stoic-curie.212-227-153-4.plesk.page\/hr\/wp-json\/wp\/v2\/product_tag?post=3691685"}],"curies":[{"name":"wp","href":"https:\/\/api.w.org\/{rel}","templated":true}]}}