{"id":3691686,"date":"2025-10-13T13:48:17","date_gmt":"2025-10-13T17:48:17","guid":{"rendered":"https:\/\/stoic-curie.212-227-153-4.plesk.page\/product\/jg-speedfit-adapter-za-15mm-cijevi-1-2-bsp-muski-dzr\/"},"modified":"2026-02-25T00:01:11","modified_gmt":"2026-02-25T00:01:11","slug":"jg-speedfit-adapter-za-15mm-cijevi-1-2-bsp-muski-dzr","status":"publish","type":"product","link":"https:\/\/stoic-curie.212-227-153-4.plesk.page\/hr\/product\/jg-speedfit-adapter-za-15mm-cijevi-1-2-bsp-muski-dzr\/","title":{"rendered":"JG Speedfit adapter za 15mm cijevi (1\/2&#8243; BSP Mu\u0161ki \/ DZR)"},"content":{"rendered":"<p>JG Speedfit adapter za 15mm cijevi (1\/2&#8243; BSP Mu\u0161ki \/ DZR) &#8211; <\/p>\n<div class=\"col-24 col-md-15\">\n<p>John Guest Speedfit push-fit DZR i plasti\u010dne spojke pogodne su za povezivanje plasti\u010dnih ili bakrenih cijevi u sustavima tople ili hladne vode. Speedfit spojnik ima mu\u0161ku BSP spojnicu od 1\/2&#8243; i Speedfit vezu za 15mm cijev. Ova push-fit spojka ima konstrukciju bez olova i nije toksi\u010dna, te je slobodna od nakupljanja kamenca i korozije.<\/p>\n<p>Push-fit spojka olak\u0161ava instalaciju u sku\u010denim prostorima; vrijeme instalacije mo\u017ee se smanjiti za oko 40% u usporedbi sa standardnim metodama u\u010dvr\u0161\u0107ivanja.<\/p>\n<\/div>\n<p><\/p>\n<table class=\"table\">\n<tbody>\n<tr>\n<td><strong>Odobrenja<\/strong><\/td>\n<td>Odobreno od strane BSI i WRAS<\/td>\n<\/tr>\n<tr>\n<td><strong>Marka<\/strong><\/td>\n<td>Speedfit<\/td>\n<\/tr>\n<tr>\n<td><strong>Spol navoja<\/strong><\/td>\n<td>Mu\u0161ki<\/td>\n<\/tr>\n<tr>\n<td><strong>Dr\u017eava podrijetla<\/strong><\/td>\n<td>Ujedinjeno Kraljevstvo<\/td>\n<\/tr>\n<tr>\n<td><strong>Kut<\/strong><\/td>\n<td>Ravni<\/td>\n<\/tr>\n<tr>\n<td><strong>Konstrukcija<\/strong><\/td>\n<td>Bez olova, netoksi\u010dna plastika<\/td>\n<\/tr>\n<tr>\n<td><strong>Promjer<\/strong><\/td>\n<td>Za cijevi od 15mm<\/td>\n<\/tr>\n<tr>\n<td><strong>Veli\u010dina navoja<\/strong><\/td>\n<td>1\/2&#8243; BSP mu\u0161ki<\/td>\n<\/tr>\n<\/tbody>\n<\/table>\n","protected":false},"excerpt":{"rendered":"<p>JG Speedfit adapter za 15mm cijevi (1\/2&#8243; BSP Mu\u0161ki \/ DZR) &#8211; John Guest Speedfit push-fit DZR i plasti\u010dne spojke<\/p>\n","protected":false},"featured_media":5945920,"comment_status":"closed","ping_status":"closed","template":"","meta":[],"product_brand":[3426],"product_cat":[1661],"product_tag":[],"class_list":{"0":"post-3691686","1":"product","2":"type-product","3":"status-publish","4":"has-post-thumbnail","6":"product_brand-speedfit-hr","7":"product_cat-elementi-brodskog-vovovoda-plastika","9":"first","10":"instock","11":"shipping-taxable","12":"purchasable","13":"product-type-simple"},"_links":{"self":[{"href":"https:\/\/stoic-curie.212-227-153-4.plesk.page\/hr\/wp-json\/wp\/v2\/product\/3691686","targetHints":{"allow":["GET"]}}],"collection":[{"href":"https:\/\/stoic-curie.212-227-153-4.plesk.page\/hr\/wp-json\/wp\/v2\/product"}],"about":[{"href":"https:\/\/stoic-curie.212-227-153-4.plesk.page\/hr\/wp-json\/wp\/v2\/types\/product"}],"replies":[{"embeddable":true,"href":"https:\/\/stoic-curie.212-227-153-4.plesk.page\/hr\/wp-json\/wp\/v2\/comments?post=3691686"}],"version-history":[{"count":0,"href":"https:\/\/stoic-curie.212-227-153-4.plesk.page\/hr\/wp-json\/wp\/v2\/product\/3691686\/revisions"}],"wp:featuredmedia":[{"embeddable":true,"href":"https:\/\/stoic-curie.212-227-153-4.plesk.page\/hr\/wp-json\/wp\/v2\/media\/5945920"}],"wp:attachment":[{"href":"https:\/\/stoic-curie.212-227-153-4.plesk.page\/hr\/wp-json\/wp\/v2\/media?parent=3691686"}],"wp:term":[{"taxonomy":"product_brand","embeddable":true,"href":"https:\/\/stoic-curie.212-227-153-4.plesk.page\/hr\/wp-json\/wp\/v2\/product_brand?post=3691686"},{"taxonomy":"product_cat","embeddable":true,"href":"https:\/\/stoic-curie.212-227-153-4.plesk.page\/hr\/wp-json\/wp\/v2\/product_cat?post=3691686"},{"taxonomy":"product_tag","embeddable":true,"href":"https:\/\/stoic-curie.212-227-153-4.plesk.page\/hr\/wp-json\/wp\/v2\/product_tag?post=3691686"}],"curies":[{"name":"wp","href":"https:\/\/api.w.org\/{rel}","templated":true}]}}